{"id":7518,"date":"2021-10-05T13:05:24","date_gmt":"2021-10-05T12:05:24","guid":{"rendered":"https:\/\/sbsvipservices.com\/ueber-uns\/"},"modified":"2025-09-23T14:43:19","modified_gmt":"2025-09-23T13:43:19","slug":"ueber-uns","status":"publish","type":"page","link":"https:\/\/sbsvipservices.com\/de\/ueber-uns\/","title":{"rendered":"\u00dcber uns"},"content":{"rendered":"\t\t<div data-elementor-type=\"wp-page\" data-elementor-id=\"7518\" class=\"elementor elementor-7518 elementor-6443\">\n\t\t\t\t\t\t<section class=\"elementor-section elementor-top-section elementor-element elementor-element-0a7202d elementor-section-boxed elementor-section-height-default elementor-section-height-default\" data-id=\"0a7202d\" data-element_type=\"section\" data-e-type=\"section\">\n\t\t\t\t\t\t<div class=\"elementor-container elementor-column-gap-default\">\n\t\t\t\t\t<div class=\"elementor-column elementor-col-50 elementor-top-column elementor-element elementor-element-55138ff\" data-id=\"55138ff\" data-element_type=\"column\" data-e-type=\"column\">\n\t\t\t<div class=\"elementor-widget-wrap elementor-element-populated\">\n\t\t\t\t\t\t<div class=\"elementor-element elementor-element-5d44b56 elementor-widget elementor-widget-creote-title-v1\" data-id=\"5d44b56\" data-element_type=\"widget\" data-e-type=\"widget\" data-widget_type=\"creote-title-v1.default\">\n\t\t\t\t<div class=\"elementor-widget-container\">\n\t\t\t\t\t<div class=\"title_all_box style_one dark_color\">\r\n            <!-- Default title style -->\r\n        <div class=\"title_sections left\">\r\n                            <div class=\"before_title\">\r\n                    Wir sind:                <\/div>\r\n                                        <div class=\"title\">\r\n                    SBS VIP Services                <\/div>\r\n                                <\/div>\r\n        <!-- End of default title style -->\r\n\r\n    <\/div>\r\n\t\t\t\t<\/div>\n\t\t\t\t<\/div>\n\t\t\t\t<div class=\"elementor-element elementor-element-93bc6ee elementor-widget elementor-widget-creote-extra-content-v1\" data-id=\"93bc6ee\" data-element_type=\"widget\" data-e-type=\"widget\" data-widget_type=\"creote-extra-content-v1.default\">\n\t\t\t\t<div class=\"elementor-widget-container\">\n\t\t\t\t\t<div class=\"extra_content image_with_content dark_color\"  data-aos=\"fade-up\" data-aos-delay=\"100\" data-aos-offset=\"0\" >  <div class=\"simple_image\">  <h2> Ihr Tor zum transformativen Gesundheitstourismus <\/h2> <\/div> <\/div>\r\n\t\t\t\t<\/div>\n\t\t\t\t<\/div>\n\t\t\t\t<div class=\"elementor-element elementor-element-d1c92db elementor-widget elementor-widget-creote-description-v1\" data-id=\"d1c92db\" data-element_type=\"widget\" data-e-type=\"widget\" data-widget_type=\"creote-description-v1.default\">\n\t\t\t\t<div class=\"elementor-widget-container\">\n\t\t\t\t\t<div class=\"description_box\" >  <p>Willkommen bei SBS VIP Services, wo wir an die transformative Kraft des Gesundheitstourismus glauben. Eingebettet in die malerische Stadt Side, Antalya, T\u00fcrkei, widmen wir uns der Bereitstellung unvergleichlicher Erlebnisse, die \u00fcber den traditionellen Tourismus hinausgehen. Unsere Mission ist es, Sie auf einer Reise zu optimaler Gesundheit und Wohlbefinden zu begleiten und dabei die Sch\u00f6nheit unseres Reiseziels mit modernster medizinischer Expertise zu verbinden.<\/p> <\/div>\r\n\t\t\t\t<\/div>\n\t\t\t\t<\/div>\n\t\t\t\t<section class=\"elementor-section elementor-inner-section elementor-element elementor-element-971e1fd elementor-section-full_width elementor-section-height-default elementor-section-height-default\" data-id=\"971e1fd\" data-element_type=\"section\" data-e-type=\"section\">\n\t\t\t\t\t\t<div class=\"elementor-container elementor-column-gap-no\">\n\t\t\t\t\t<div class=\"elementor-column elementor-col-100 elementor-inner-column elementor-element elementor-element-c44d485\" data-id=\"c44d485\" data-element_type=\"column\" data-e-type=\"column\">\n\t\t\t<div class=\"elementor-widget-wrap elementor-element-populated\">\n\t\t\t\t\t\t<div class=\"elementor-element elementor-element-b4081e1 elementor-widget elementor-widget-text-editor\" data-id=\"b4081e1\" data-element_type=\"widget\" data-e-type=\"widget\" data-widget_type=\"text-editor.default\">\n\t\t\t\t<div class=\"elementor-widget-container\">\n\t\t\t\t\t\t\t\t\t<p><strong>Wer sind wir:<\/strong><\/p><p>Bei SBS VIP Services handelt es sich mehr als nur um einen Anbieter von Gesundheitstourismus \u2013 wir sind Ihr Partner f\u00fcr Wohlbefinden. Mit einem Team erfahrerner Fachleute vereinen wir eine harmonische Mischung aus medizinischer Exzellenz, kulturellem Eintauchen und individueller Betreuung. Unser Engagement f\u00fcr Ihre Gesundheitsreise spiegelt sich in jedem Aspekt unserer Dienstleistungen wider.<\/p>\t\t\t\t\t\t\t\t<\/div>\n\t\t\t\t<\/div>\n\t\t\t\t\t<\/div>\n\t\t<\/div>\n\t\t\t\t\t<\/div>\n\t\t<\/section>\n\t\t\t\t\t<\/div>\n\t\t<\/div>\n\t\t\t\t<div class=\"elementor-column elementor-col-50 elementor-top-column elementor-element elementor-element-bfd1edc\" data-id=\"bfd1edc\" data-element_type=\"column\" data-e-type=\"column\">\n\t\t\t<div class=\"elementor-widget-wrap elementor-element-populated\">\n\t\t\t\t\t\t<div class=\"elementor-element elementor-element-a9fb537 elementor-widget elementor-widget-creote-image-box-v1\" data-id=\"a9fb537\" data-element_type=\"widget\" data-e-type=\"widget\" data-widget_type=\"creote-image-box-v1.default\">\n\t\t\t\t<div class=\"elementor-widget-container\">\n\t\t\t\t\t <div class=\"image_boxes style_six\"  data-aos=\"fade-up\" data-aos-delay=\"0\" >  <div class=\"image_box\"> <img decoding=\"async\" src=\"https:\/\/sbsvipservices.com\/wp-content\/uploads\/2024\/03\/about-us-SBS.jpg\" class=\"img-fluid\" alt=\"image\">   <\/div>  <\/div> \r\n\t\t\t\t<\/div>\n\t\t\t\t<\/div>\n\t\t\t\t\t<\/div>\n\t\t<\/div>\n\t\t\t\t\t<\/div>\n\t\t<\/section>\n\t\t\t\t<section class=\"elementor-section elementor-top-section elementor-element elementor-element-562b721 elementor-section-boxed elementor-section-height-default elementor-section-height-default\" data-id=\"562b721\" data-element_type=\"section\" data-e-type=\"section\" data-settings=\"{&quot;background_background&quot;:&quot;classic&quot;}\">\n\t\t\t\t\t\t<div class=\"elementor-container elementor-column-gap-default\">\n\t\t\t\t\t<div class=\"elementor-column elementor-col-100 elementor-top-column elementor-element elementor-element-8e9c1fb\" data-id=\"8e9c1fb\" data-element_type=\"column\" data-e-type=\"column\">\n\t\t\t<div class=\"elementor-widget-wrap elementor-element-populated\">\n\t\t\t\t\t\t<div class=\"elementor-element elementor-element-1e9f9ad elementor-widget elementor-widget-creote-title-v1\" data-id=\"1e9f9ad\" data-element_type=\"widget\" data-e-type=\"widget\" data-widget_type=\"creote-title-v1.default\">\n\t\t\t\t<div class=\"elementor-widget-container\">\n\t\t\t\t\t<div class=\"title_all_box style_one dark_color\">\r\n            <!-- Default title style -->\r\n        <div class=\"title_sections center\">\r\n                            <div class=\"before_title\">\r\n                    Unser Unternehmen                <\/div>\r\n                                        <div class=\"title\">\r\n                    Heben Sie sich vom Rest ab\u2019                <\/div>\r\n                                <\/div>\r\n        <!-- End of default title style -->\r\n\r\n    <\/div>\r\n\t\t\t\t<\/div>\n\t\t\t\t<\/div>\n\t\t\t\t<section class=\"elementor-section elementor-inner-section elementor-element elementor-element-fe36003 elementor-section-full_width elementor-section-height-default elementor-section-height-default\" data-id=\"fe36003\" data-element_type=\"section\" data-e-type=\"section\">\n\t\t\t\t\t\t<div class=\"elementor-container elementor-column-gap-default\">\n\t\t\t\t\t<div class=\"elementor-column elementor-col-100 elementor-inner-column elementor-element elementor-element-f0b5114\" data-id=\"f0b5114\" data-element_type=\"column\" data-e-type=\"column\">\n\t\t\t<div class=\"elementor-widget-wrap elementor-element-populated\">\n\t\t\t\t\t\t<div class=\"elementor-element elementor-element-cc66363 elementor-widget elementor-widget-creote-iconbox-v1\" data-id=\"cc66363\" data-element_type=\"widget\" data-e-type=\"widget\" data-widget_type=\"creote-iconbox-v1.default\">\n\t\t\t\t<div class=\"elementor-widget-container\">\n\t\t\t\t\t<div class=\"icon_box_all style_three\" \r\n     \r\n        data-aos=\"fade-up\" data-aos-delay=\"0\" data-aos-offset=\"0\" \r\n    >\r\n\r\n            <div class=\"icon_content \">\r\n                            <div class=\"icon\">\r\n                    <span class=\" icon-text\"><\/span>\r\n                <\/div>\r\n                        <div class=\"txt_content\">\r\n                                  <h2 class=\"icontitle\">\r\n                                              Warum uns ausw\u00e4hlen?                                                <\/h2>\r\n                                                    <p>\r\n                        <b>Fach\u00fcbergreifende Expertise:<\/b> Wir sind auf Zahnimplantologie, Haartransplantationsverfahren und Sch\u00f6nheitschirurgie spezialisiert. Unser Team besteht aus qualifizierten und zertifizierten Fachleuten, die in ihren jeweiligen Bereichen f\u00fchrend sind. Egal, ob Sie ein strahlendes L\u00e4cheln, \u00fcppige Locken oder \u00e4sthetische Verbesserungen w\u00fcnschen, wir verf\u00fcgen \u00fcber das Fachwissen, um Ihre W\u00fcnsche in Realit\u00e4t umzusetzen.<br><br>\n\n<b>Hochmoderne Einrichtungen:<\/b> SBS VIP Services ist stolz darauf, mit erstklassigen Kliniken und Krankenh\u00e4usern zusammenzuarbeiten, die mit hochmodernen Einrichtungen ausgestattet sind. Unser Qualit\u00e4tsanspruch stellt sicher, dass Sie medizinische Versorgung auf h\u00f6chstem Niveau in einem komfortablen und modernen Umfeld erhalten.<br><br>\n\n<b>Pers\u00f6nliche Betreuung: <\/b> Wir verstehen, dass jeder Mensch einzigartig ist und dass auch seine Gesundheitsbed\u00fcrfnisse einzigartig sind. Unser Ansatz umfasst personalisierte und ma\u03b2geschneiderte Behandlungspl\u00e4ne, die auf Ihre spezifischen Anforderungen zugeschnitten sind. Von der Erstberatung bis zur Nachsorge legen wir Wert auf Ihren Komfort und Ihr Wohlbefinden.<br><br>\n\n<b>Kulturelles Eintauchen:<\/b> \u00dcber die medizinische Exzellenz hinaus glauben wir an die Bereitstellung eines ganzheitlichen Erlebnisses. Side, Antalya, ist eine Fundgrube an Geschichte und Kultur und wir ermutigen unsere Kunden, in den lokalen Charme einzutauschen. Unsere kuratierten Gesundheitstourismus-Pakete beinhalten die M\u00f6glichkeiten, das reiche Erbe der Region zu erkunden und so Ihr allgemeines Wohlbefinden zu steigern.                    <\/p>\r\n                                                            <\/div>\r\n        <\/div>\r\n\r\n    <\/div>\r\n\t\t\t\t<\/div>\n\t\t\t\t<\/div>\n\t\t\t\t\t<\/div>\n\t\t<\/div>\n\t\t\t\t\t<\/div>\n\t\t<\/section>\n\t\t\t\t<div class=\"elementor-element elementor-element-1435195 elementor-widget elementor-widget-image\" data-id=\"1435195\" data-element_type=\"widget\" data-e-type=\"widget\" data-widget_type=\"image.default\">\n\t\t\t\t<div class=\"elementor-widget-container\">\n\t\t\t\t\t\t\t\t\t\t\t\t\t\t\t<img fetchpriority=\"high\" decoding=\"async\" width=\"1024\" height=\"397\" src=\"https:\/\/sbsvipservices.com\/wp-content\/uploads\/2024\/03\/why-choose-us-1.jpg\" class=\"attachment-full size-full wp-image-7541\" alt=\"\" srcset=\"https:\/\/sbsvipservices.com\/wp-content\/uploads\/2024\/03\/why-choose-us-1.jpg 1024w, https:\/\/sbsvipservices.com\/wp-content\/uploads\/2024\/03\/why-choose-us-1-300x116.jpg 300w, https:\/\/sbsvipservices.com\/wp-content\/uploads\/2024\/03\/why-choose-us-1-768x298.jpg 768w\" sizes=\"(max-width: 1024px) 100vw, 1024px\" \/>\t\t\t\t\t\t\t\t\t\t\t\t\t\t\t<\/div>\n\t\t\t\t<\/div>\n\t\t\t\t\t<\/div>\n\t\t<\/div>\n\t\t\t\t\t<\/div>\n\t\t<\/section>\n\t\t\t\t<section class=\"elementor-section elementor-top-section elementor-element elementor-element-1619a9f elementor-section-boxed elementor-section-height-default elementor-section-height-default\" data-id=\"1619a9f\" data-element_type=\"section\" data-e-type=\"section\" data-settings=\"{&quot;background_background&quot;:&quot;classic&quot;}\">\n\t\t\t\t\t\t<div class=\"elementor-container elementor-column-gap-no\">\n\t\t\t\t\t<div class=\"elementor-column elementor-col-100 elementor-top-column elementor-element elementor-element-c8a7d54\" data-id=\"c8a7d54\" data-element_type=\"column\" data-e-type=\"column\">\n\t\t\t<div class=\"elementor-widget-wrap elementor-element-populated\">\n\t\t\t\t\t\t<div class=\"elementor-element elementor-element-f618184 elementor-widget elementor-widget-creote-title-v1\" data-id=\"f618184\" data-element_type=\"widget\" data-e-type=\"widget\" data-widget_type=\"creote-title-v1.default\">\n\t\t\t\t<div class=\"elementor-widget-container\">\n\t\t\t\t\t<div class=\"title_all_box style_one dark_color\">\r\n            <!-- Default title style -->\r\n        <div class=\"title_sections center\">\r\n                            <div class=\"before_title\">\r\n                    Auftraggeber &amp; Vertrauen                <\/div>\r\n                                        <div class=\"title\">\r\n                    Ihre Gesundheit, unsere Priorit\u00e4t:                <\/div>\r\n                                        <p>Bei SBS VIP Services gehen wir \u00fcber das Konventionelle hinaus, um Gesundheitstourismus neu zu definieren. Wir glauben, dass optimales Wohlbefinden nicht nur medizinische Eingriffe erfordert, sondern einen ganzheitlichen Ansatz, der Geist, K\u00f6rper und Seele umfasst. Begleiten Sie uns in Side, Antalya, und begeben Sie sich auf die Reise zu einem ges\u00fcnderen und selbstbewussteren Menschen. W\u00e4hlen Sie SBS VIP Services f\u00fcr ein Gesundheitstourismus-Erlebnis, das alle Erwartungen \u00fcbertrifft. Ihr Wohlbefinden hat f\u00fcr uns Priorit\u00e4t und wir f\u00fchlen uns geehrt, Ihr vertrauensw\u00fcrdiger Partner auf diesem transformativen Weg zu sein.<\/p>\r\n                    <\/div>\r\n        <!-- End of default title style -->\r\n\r\n    <\/div>\r\n\t\t\t\t<\/div>\n\t\t\t\t<\/div>\n\t\t\t\t\t<\/div>\n\t\t<\/div>\n\t\t\t\t\t<\/div>\n\t\t<\/section>\n\t\t<div class=\"elementor-element elementor-element-e42625b e-flex e-con-boxed e-con e-parent\" data-id=\"e42625b\" data-element_type=\"container\" data-e-type=\"container\">\n\t\t\t\t\t<div class=\"e-con-inner\">\n\t\t\t\t<div class=\"elementor-element elementor-element-38e53ef elementor-widget elementor-widget-image\" data-id=\"38e53ef\" data-element_type=\"widget\" data-e-type=\"widget\" data-widget_type=\"image.default\">\n\t\t\t\t<div class=\"elementor-widget-container\">\n\t\t\t\t\t\t\t\t\t\t\t\t\t\t\t<img decoding=\"async\" width=\"1024\" height=\"512\" src=\"https:\/\/sbsvipservices.com\/wp-content\/uploads\/2024\/02\/happy-couple-1024x512.jpg\" class=\"attachment-large size-large wp-image-7296\" alt=\"\" srcset=\"https:\/\/sbsvipservices.com\/wp-content\/uploads\/2024\/02\/happy-couple-1024x512.jpg 1024w, https:\/\/sbsvipservices.com\/wp-content\/uploads\/2024\/02\/happy-couple-300x150.jpg 300w, https:\/\/sbsvipservices.com\/wp-content\/uploads\/2024\/02\/happy-couple-768x384.jpg 768w, https:\/\/sbsvipservices.com\/wp-content\/uploads\/2024\/02\/happy-couple-1536x768.jpg 1536w, https:\/\/sbsvipservices.com\/wp-content\/uploads\/2024\/02\/happy-couple.jpg 1920w\" sizes=\"(max-width: 1024px) 100vw, 1024px\" \/>\t\t\t\t\t\t\t\t\t\t\t\t\t\t\t<\/div>\n\t\t\t\t<\/div>\n\t\t\t\t\t<\/div>\n\t\t\t\t<\/div>\n\t\t\t\t<\/div>\n\t\t","protected":false},"excerpt":{"rendered":"<p>Wir sind: SBS VIP Services Ihr Tor zum transformativen Gesundheitstourismus Willkommen bei SBS VIP Services, wo wir an die transformative Kraft des Gesundheitstourismus glauben. Eingebettet in die malerische Stadt Side, Antalya, T\u00fcrkei, widmen wir uns der Bereitstellung unvergleichlicher Erlebnisse, die \u00fcber den traditionellen Tourismus hinausgehen. Unsere Mission ist es, Sie auf einer Reise zu optimaler [&hellip;]<\/p>\n","protected":false},"author":1,"featured_media":0,"parent":0,"menu_order":0,"comment_status":"closed","ping_status":"closed","template":"template-fullwidth.php","meta":{"footnotes":""},"class_list":["post-7518","page","type-page","status-publish","hentry"],"yoast_head":"<!-- This site is optimized with the Yoast SEO Premium plugin v24.7 (Yoast SEO v27.0) - https:\/\/yoast.com\/product\/yoast-seo-premium-wordpress\/ -->\n<title>\u00dcber uns - SBS VIP Services<\/title>\n<meta name=\"robots\" content=\"index, follow, max-snippet:-1, max-image-preview:large, max-video-preview:-1\" \/>\n<link rel=\"canonical\" href=\"https:\/\/sbsvipservices.com\/de\/ueber-uns\/\" \/>\n<meta property=\"og:locale\" content=\"de_DE\" \/>\n<meta property=\"og:type\" content=\"article\" \/>\n<meta property=\"og:title\" content=\"\u00dcber uns\" \/>\n<meta property=\"og:description\" content=\"Wir sind: SBS VIP Services Ihr Tor zum transformativen Gesundheitstourismus Willkommen bei SBS VIP Services, wo wir an die transformative Kraft des Gesundheitstourismus glauben. Eingebettet in die malerische Stadt Side, Antalya, T\u00fcrkei, widmen wir uns der Bereitstellung unvergleichlicher Erlebnisse, die \u00fcber den traditionellen Tourismus hinausgehen. Unsere Mission ist es, Sie auf einer Reise zu optimaler [&hellip;]\" \/>\n<meta property=\"og:url\" content=\"https:\/\/sbsvipservices.com\/de\/ueber-uns\/\" \/>\n<meta property=\"og:site_name\" content=\"SBS VIP Services\" \/>\n<meta property=\"article:modified_time\" content=\"2025-09-23T13:43:19+00:00\" \/>\n<meta property=\"og:image\" content=\"https:\/\/sbsvipservices.com\/wp-content\/uploads\/2024\/03\/about-us-SBS.jpg\" \/>\n<meta name=\"twitter:card\" content=\"summary_large_image\" \/>\n<meta name=\"twitter:label1\" content=\"Gesch\u00e4tzte Lesezeit\" \/>\n\t<meta name=\"twitter:data1\" content=\"2\u00a0Minuten\" \/>\n<script type=\"application\/ld+json\" class=\"yoast-schema-graph\">{\"@context\":\"https:\/\/schema.org\",\"@graph\":[{\"@type\":\"WebPage\",\"@id\":\"https:\/\/sbsvipservices.com\/de\/ueber-uns\/\",\"url\":\"https:\/\/sbsvipservices.com\/de\/ueber-uns\/\",\"name\":\"\u00dcber uns - SBS VIP Services\",\"isPartOf\":{\"@id\":\"https:\/\/sbsvipservices.com\/#website\"},\"primaryImageOfPage\":{\"@id\":\"https:\/\/sbsvipservices.com\/de\/ueber-uns\/#primaryimage\"},\"image\":{\"@id\":\"https:\/\/sbsvipservices.com\/de\/ueber-uns\/#primaryimage\"},\"thumbnailUrl\":\"https:\/\/sbsvipservices.com\/wp-content\/uploads\/2024\/03\/about-us-SBS.jpg\",\"datePublished\":\"2021-10-05T12:05:24+00:00\",\"dateModified\":\"2025-09-23T13:43:19+00:00\",\"breadcrumb\":{\"@id\":\"https:\/\/sbsvipservices.com\/de\/ueber-uns\/#breadcrumb\"},\"inLanguage\":\"de\",\"potentialAction\":[{\"@type\":\"ReadAction\",\"target\":[\"https:\/\/sbsvipservices.com\/de\/ueber-uns\/\"]}]},{\"@type\":\"ImageObject\",\"inLanguage\":\"de\",\"@id\":\"https:\/\/sbsvipservices.com\/de\/ueber-uns\/#primaryimage\",\"url\":\"https:\/\/sbsvipservices.com\/wp-content\/uploads\/2024\/03\/about-us-SBS.jpg\",\"contentUrl\":\"https:\/\/sbsvipservices.com\/wp-content\/uploads\/2024\/03\/about-us-SBS.jpg\"},{\"@type\":\"BreadcrumbList\",\"@id\":\"https:\/\/sbsvipservices.com\/de\/ueber-uns\/#breadcrumb\",\"itemListElement\":[{\"@type\":\"ListItem\",\"position\":1,\"name\":\"Home\",\"item\":\"https:\/\/sbsvipservices.com\/tr\/\"},{\"@type\":\"ListItem\",\"position\":2,\"name\":\"\u00dcber uns\"}]},{\"@type\":\"WebSite\",\"@id\":\"https:\/\/sbsvipservices.com\/#website\",\"url\":\"https:\/\/sbsvipservices.com\/\",\"name\":\"SBS VIP Services\",\"description\":\"\",\"publisher\":{\"@id\":\"https:\/\/sbsvipservices.com\/#organization\"},\"potentialAction\":[{\"@type\":\"SearchAction\",\"target\":{\"@type\":\"EntryPoint\",\"urlTemplate\":\"https:\/\/sbsvipservices.com\/?s={search_term_string}\"},\"query-input\":{\"@type\":\"PropertyValueSpecification\",\"valueRequired\":true,\"valueName\":\"search_term_string\"}}],\"inLanguage\":\"de\"},{\"@type\":\"Organization\",\"@id\":\"https:\/\/sbsvipservices.com\/#organization\",\"name\":\"SBS VIP Services\",\"url\":\"https:\/\/sbsvipservices.com\/\",\"logo\":{\"@type\":\"ImageObject\",\"inLanguage\":\"de\",\"@id\":\"https:\/\/sbsvipservices.com\/#\/schema\/logo\/image\/\",\"url\":\"https:\/\/sbsvipservices.com\/wp-content\/uploads\/2024\/02\/site-icon.png\",\"contentUrl\":\"https:\/\/sbsvipservices.com\/wp-content\/uploads\/2024\/02\/site-icon.png\",\"width\":512,\"height\":512,\"caption\":\"SBS VIP Services\"},\"image\":{\"@id\":\"https:\/\/sbsvipservices.com\/#\/schema\/logo\/image\/\"}}]}<\/script>\n<!-- \/ Yoast SEO Premium plugin. -->","yoast_head_json":{"title":"\u00dcber uns - SBS VIP Services","robots":{"index":"index","follow":"follow","max-snippet":"max-snippet:-1","max-image-preview":"max-image-preview:large","max-video-preview":"max-video-preview:-1"},"canonical":"https:\/\/sbsvipservices.com\/de\/ueber-uns\/","og_locale":"de_DE","og_type":"article","og_title":"\u00dcber uns","og_description":"Wir sind: SBS VIP Services Ihr Tor zum transformativen Gesundheitstourismus Willkommen bei SBS VIP Services, wo wir an die transformative Kraft des Gesundheitstourismus glauben. Eingebettet in die malerische Stadt Side, Antalya, T\u00fcrkei, widmen wir uns der Bereitstellung unvergleichlicher Erlebnisse, die \u00fcber den traditionellen Tourismus hinausgehen. Unsere Mission ist es, Sie auf einer Reise zu optimaler [&hellip;]","og_url":"https:\/\/sbsvipservices.com\/de\/ueber-uns\/","og_site_name":"SBS VIP Services","article_modified_time":"2025-09-23T13:43:19+00:00","og_image":[{"url":"https:\/\/sbsvipservices.com\/wp-content\/uploads\/2024\/03\/about-us-SBS.jpg","type":"","width":"","height":""}],"twitter_card":"summary_large_image","twitter_misc":{"Gesch\u00e4tzte Lesezeit":"2\u00a0Minuten"},"schema":{"@context":"https:\/\/schema.org","@graph":[{"@type":"WebPage","@id":"https:\/\/sbsvipservices.com\/de\/ueber-uns\/","url":"https:\/\/sbsvipservices.com\/de\/ueber-uns\/","name":"\u00dcber uns - SBS VIP Services","isPartOf":{"@id":"https:\/\/sbsvipservices.com\/#website"},"primaryImageOfPage":{"@id":"https:\/\/sbsvipservices.com\/de\/ueber-uns\/#primaryimage"},"image":{"@id":"https:\/\/sbsvipservices.com\/de\/ueber-uns\/#primaryimage"},"thumbnailUrl":"https:\/\/sbsvipservices.com\/wp-content\/uploads\/2024\/03\/about-us-SBS.jpg","datePublished":"2021-10-05T12:05:24+00:00","dateModified":"2025-09-23T13:43:19+00:00","breadcrumb":{"@id":"https:\/\/sbsvipservices.com\/de\/ueber-uns\/#breadcrumb"},"inLanguage":"de","potentialAction":[{"@type":"ReadAction","target":["https:\/\/sbsvipservices.com\/de\/ueber-uns\/"]}]},{"@type":"ImageObject","inLanguage":"de","@id":"https:\/\/sbsvipservices.com\/de\/ueber-uns\/#primaryimage","url":"https:\/\/sbsvipservices.com\/wp-content\/uploads\/2024\/03\/about-us-SBS.jpg","contentUrl":"https:\/\/sbsvipservices.com\/wp-content\/uploads\/2024\/03\/about-us-SBS.jpg"},{"@type":"BreadcrumbList","@id":"https:\/\/sbsvipservices.com\/de\/ueber-uns\/#breadcrumb","itemListElement":[{"@type":"ListItem","position":1,"name":"Home","item":"https:\/\/sbsvipservices.com\/tr\/"},{"@type":"ListItem","position":2,"name":"\u00dcber uns"}]},{"@type":"WebSite","@id":"https:\/\/sbsvipservices.com\/#website","url":"https:\/\/sbsvipservices.com\/","name":"SBS VIP Services","description":"","publisher":{"@id":"https:\/\/sbsvipservices.com\/#organization"},"potentialAction":[{"@type":"SearchAction","target":{"@type":"EntryPoint","urlTemplate":"https:\/\/sbsvipservices.com\/?s={search_term_string}"},"query-input":{"@type":"PropertyValueSpecification","valueRequired":true,"valueName":"search_term_string"}}],"inLanguage":"de"},{"@type":"Organization","@id":"https:\/\/sbsvipservices.com\/#organization","name":"SBS VIP Services","url":"https:\/\/sbsvipservices.com\/","logo":{"@type":"ImageObject","inLanguage":"de","@id":"https:\/\/sbsvipservices.com\/#\/schema\/logo\/image\/","url":"https:\/\/sbsvipservices.com\/wp-content\/uploads\/2024\/02\/site-icon.png","contentUrl":"https:\/\/sbsvipservices.com\/wp-content\/uploads\/2024\/02\/site-icon.png","width":512,"height":512,"caption":"SBS VIP Services"},"image":{"@id":"https:\/\/sbsvipservices.com\/#\/schema\/logo\/image\/"}}]}},"_links":{"self":[{"href":"https:\/\/sbsvipservices.com\/de\/wp-json\/wp\/v2\/pages\/7518","targetHints":{"allow":["GET"]}}],"collection":[{"href":"https:\/\/sbsvipservices.com\/de\/wp-json\/wp\/v2\/pages"}],"about":[{"href":"https:\/\/sbsvipservices.com\/de\/wp-json\/wp\/v2\/types\/page"}],"author":[{"embeddable":true,"href":"https:\/\/sbsvipservices.com\/de\/wp-json\/wp\/v2\/users\/1"}],"replies":[{"embeddable":true,"href":"https:\/\/sbsvipservices.com\/de\/wp-json\/wp\/v2\/comments?post=7518"}],"version-history":[{"count":10,"href":"https:\/\/sbsvipservices.com\/de\/wp-json\/wp\/v2\/pages\/7518\/revisions"}],"predecessor-version":[{"id":7546,"href":"https:\/\/sbsvipservices.com\/de\/wp-json\/wp\/v2\/pages\/7518\/revisions\/7546"}],"wp:attachment":[{"href":"https:\/\/sbsvipservices.com\/de\/wp-json\/wp\/v2\/media?parent=7518"}],"curies":[{"name":"wp","href":"https:\/\/api.w.org\/{rel}","templated":true}]}}