{"id":9198,"date":"2025-09-23T14:45:36","date_gmt":"2025-09-23T13:45:36","guid":{"rendered":"https:\/\/sbsvipservices.com\/blog\/"},"modified":"2026-02-25T00:17:38","modified_gmt":"2026-02-25T00:17:38","slug":"blog","status":"publish","type":"page","link":"https:\/\/sbsvipservices.com\/de\/blog\/","title":{"rendered":"Blog"},"content":{"rendered":"\t\t<div data-elementor-type=\"wp-page\" data-elementor-id=\"9198\" class=\"elementor elementor-9198 elementor-9169\">\n\t\t\t\t\t\t<section class=\"elementor-section elementor-top-section elementor-element elementor-element-0a7202d elementor-section-boxed elementor-section-height-default elementor-section-height-default\" data-id=\"0a7202d\" data-element_type=\"section\" data-e-type=\"section\">\n\t\t\t\t\t\t<div class=\"elementor-container elementor-column-gap-default\">\n\t\t\t\t\t<div class=\"elementor-column elementor-col-100 elementor-top-column elementor-element elementor-element-cecb992\" data-id=\"cecb992\" data-element_type=\"column\" data-e-type=\"column\">\n\t\t\t<div class=\"elementor-widget-wrap\">\n\t\t\t\t\t\t\t<\/div>\n\t\t<\/div>\n\t\t\t\t\t<\/div>\n\t\t<\/section>\n\t\t<div class=\"elementor-element elementor-element-434f6ce e-flex e-con-boxed e-con e-parent\" data-id=\"434f6ce\" data-element_type=\"container\" data-e-type=\"container\">\n\t\t\t\t\t<div class=\"e-con-inner\">\n\t\t\t\t<div class=\"elementor-element elementor-element-cf7730e elementor-widget elementor-widget-creote-blog-post-v1\" data-id=\"cf7730e\" data-element_type=\"widget\" data-e-type=\"widget\" data-widget_type=\"creote-blog-post-v1.default\">\n\t\t\t\t<div class=\"elementor-widget-container\">\n\t\t\t\t\t<section class=\"blog_post_section elemen_wp three_column news_wrapper_grid style_one \"> <div class=\"grid_show_case grid_layout clearfix\"> <!-- swiper-slide -->     <div class=\"grid_box _card\"> <div class=\"news_box style_one blog_classic has_images\" id=\"post-9811\">  <div class=\"image img_hover-1\"> <img fetchpriority=\"high\" decoding=\"async\" width=\"800\" height=\"533\" src=\"https:\/\/sbsvipservices.com\/wp-content\/uploads\/2026\/05\/Varis-Tedavi-Seciminde-Dikkat-Edilmesi-Gerekenler.jpg\" class=\"attachment-creote-grid-470-280 size-creote-grid-470-280 wp-post-image\" alt=\"Varis Tedavi Se\u00e7iminde Dikkat Edilmesi Gerekenler\" srcset=\"https:\/\/sbsvipservices.com\/wp-content\/uploads\/2026\/05\/Varis-Tedavi-Seciminde-Dikkat-Edilmesi-Gerekenler.jpg 800w, https:\/\/sbsvipservices.com\/wp-content\/uploads\/2026\/05\/Varis-Tedavi-Seciminde-Dikkat-Edilmesi-Gerekenler-300x200.jpg 300w, https:\/\/sbsvipservices.com\/wp-content\/uploads\/2026\/05\/Varis-Tedavi-Seciminde-Dikkat-Edilmesi-Gerekenler-768x512.jpg 768w\" sizes=\"(max-width: 800px) 100vw, 800px\" \/> <a class=\"arrow\" href=\"https:\/\/sbsvipservices.com\/de\/was-sie-bei-der-wahl-einer-krampfaderbehandlung-beachten-sollten\/\"><i class=\"fa fa-angle-right\"><\/i><\/a> <\/div>  <div class=\"content_box\"> <div class=\"date\"> <span class=\"date_in_number\">05<\/span> <span class=\"date_in_month\">Mai<\/span> <\/div> <a href=\"https:\/\/sbsvipservices.com\/de\/category\/gesundheitstourismus\/\" class=\"categories\"><i class=\"icon-folder\"><\/i>Gesundheitstourismus<\/a> <h2 class=\"title\"><a href=\"https:\/\/sbsvipservices.com\/de\/was-sie-bei-der-wahl-einer-krampfaderbehandlung-beachten-sollten\/\" rel=\"bookmark\">Was Sie bei der Wahl einer Krampfaderbehandlung beachten sollten<\/a><\/h2> <\/div> <\/div> <\/div>     <div class=\"grid_box _card\"> <div class=\"news_box style_one blog_classic has_images\" id=\"post-9786\">  <div class=\"image img_hover-1\"> <img decoding=\"async\" width=\"800\" height=\"533\" src=\"https:\/\/sbsvipservices.com\/wp-content\/uploads\/2026\/05\/Krampfadernsymptome.jpg\" class=\"attachment-creote-grid-470-280 size-creote-grid-470-280 wp-post-image\" alt=\"Krampfadernsymptome\" srcset=\"https:\/\/sbsvipservices.com\/wp-content\/uploads\/2026\/05\/Krampfadernsymptome.jpg 800w, https:\/\/sbsvipservices.com\/wp-content\/uploads\/2026\/05\/Krampfadernsymptome-300x200.jpg 300w, https:\/\/sbsvipservices.com\/wp-content\/uploads\/2026\/05\/Krampfadernsymptome-768x512.jpg 768w\" sizes=\"(max-width: 800px) 100vw, 800px\" \/> <a class=\"arrow\" href=\"https:\/\/sbsvipservices.com\/de\/krampfadernsymptome\/\"><i class=\"fa fa-angle-right\"><\/i><\/a> <\/div>  <div class=\"content_box\"> <div class=\"date\"> <span class=\"date_in_number\">26<\/span> <span class=\"date_in_month\">Apr.<\/span> <\/div> <a href=\"https:\/\/sbsvipservices.com\/de\/category\/gesundheitstourismus\/\" class=\"categories\"><i class=\"icon-folder\"><\/i>Gesundheitstourismus<\/a> <h2 class=\"title\"><a href=\"https:\/\/sbsvipservices.com\/de\/krampfadernsymptome\/\" rel=\"bookmark\">Krampfadernsymptome<\/a><\/h2> <\/div> <\/div> <\/div>     <div class=\"grid_box _card\"> <div class=\"news_box style_one blog_classic has_images\" id=\"post-9758\">  <div class=\"image img_hover-1\"> <img decoding=\"async\" width=\"800\" height=\"533\" src=\"https:\/\/sbsvipservices.com\/wp-content\/uploads\/2026\/04\/Was-sind-Krampfadern-Grundlegende-Definition-und-physiologische-Rolle.jpg\" class=\"attachment-creote-grid-470-280 size-creote-grid-470-280 wp-post-image\" alt=\"Was sind Krampfadern Grundlegende Definition und physiologische Rolle\" srcset=\"https:\/\/sbsvipservices.com\/wp-content\/uploads\/2026\/04\/Was-sind-Krampfadern-Grundlegende-Definition-und-physiologische-Rolle.jpg 800w, https:\/\/sbsvipservices.com\/wp-content\/uploads\/2026\/04\/Was-sind-Krampfadern-Grundlegende-Definition-und-physiologische-Rolle-300x200.jpg 300w, https:\/\/sbsvipservices.com\/wp-content\/uploads\/2026\/04\/Was-sind-Krampfadern-Grundlegende-Definition-und-physiologische-Rolle-768x512.jpg 768w\" sizes=\"(max-width: 800px) 100vw, 800px\" \/> <a class=\"arrow\" href=\"https:\/\/sbsvipservices.com\/de\/was-sind-krampfadern-grundlegende-definition-und-physiologische-rolle\/\"><i class=\"fa fa-angle-right\"><\/i><\/a> <\/div>  <div class=\"content_box\"> <div class=\"date\"> <span class=\"date_in_number\">19<\/span> <span class=\"date_in_month\">Apr.<\/span> <\/div> <a href=\"https:\/\/sbsvipservices.com\/de\/category\/gesundheitstourismus\/\" class=\"categories\"><i class=\"icon-folder\"><\/i>Gesundheitstourismus<\/a> <h2 class=\"title\"><a href=\"https:\/\/sbsvipservices.com\/de\/was-sind-krampfadern-grundlegende-definition-und-physiologische-rolle\/\" rel=\"bookmark\">Was sind Krampfadern? Grundlegende Definition und physiologische Rolle<\/a><\/h2> <\/div> <\/div> <\/div>     <div class=\"grid_box _card\"> <div class=\"news_box style_one blog_classic has_images\" id=\"post-9730\">  <div class=\"image img_hover-1\"> <img loading=\"lazy\" decoding=\"async\" width=\"800\" height=\"533\" src=\"https:\/\/sbsvipservices.com\/wp-content\/uploads\/2026\/04\/Brustasthetik.jpg\" class=\"attachment-creote-grid-470-280 size-creote-grid-470-280 wp-post-image\" alt=\"Brust\u00e4sthetik\" srcset=\"https:\/\/sbsvipservices.com\/wp-content\/uploads\/2026\/04\/Brustasthetik.jpg 800w, https:\/\/sbsvipservices.com\/wp-content\/uploads\/2026\/04\/Brustasthetik-300x200.jpg 300w, https:\/\/sbsvipservices.com\/wp-content\/uploads\/2026\/04\/Brustasthetik-768x512.jpg 768w\" sizes=\"(max-width: 800px) 100vw, 800px\" \/> <a class=\"arrow\" href=\"https:\/\/sbsvipservices.com\/de\/umfassende-brustaesthetik\/\"><i class=\"fa fa-angle-right\"><\/i><\/a> <\/div>  <div class=\"content_box\"> <div class=\"date\"> <span class=\"date_in_number\">10<\/span> <span class=\"date_in_month\">Apr.<\/span> <\/div> <a href=\"https:\/\/sbsvipservices.com\/de\/category\/brustoperation\/\" class=\"categories\"><i class=\"icon-folder\"><\/i>Brustoperation<\/a> <h2 class=\"title\"><a href=\"https:\/\/sbsvipservices.com\/de\/umfassende-brustaesthetik\/\" rel=\"bookmark\">Umfassende Brust\u00e4sthetik<\/a><\/h2> <\/div> <\/div> <\/div>     <div class=\"grid_box _card\"> <div class=\"news_box style_one blog_classic has_images\" id=\"post-9709\">  <div class=\"image img_hover-1\"> <img loading=\"lazy\" decoding=\"async\" width=\"800\" height=\"533\" src=\"https:\/\/sbsvipservices.com\/wp-content\/uploads\/2026\/04\/Asthetik-und-Gesundheit.jpg\" class=\"attachment-creote-grid-470-280 size-creote-grid-470-280 wp-post-image\" alt=\"\u00c4sthetik und Gesundheit\" srcset=\"https:\/\/sbsvipservices.com\/wp-content\/uploads\/2026\/04\/Asthetik-und-Gesundheit.jpg 800w, https:\/\/sbsvipservices.com\/wp-content\/uploads\/2026\/04\/Asthetik-und-Gesundheit-300x200.jpg 300w, https:\/\/sbsvipservices.com\/wp-content\/uploads\/2026\/04\/Asthetik-und-Gesundheit-768x512.jpg 768w\" sizes=\"(max-width: 800px) 100vw, 800px\" \/> <a class=\"arrow\" href=\"https:\/\/sbsvipservices.com\/de\/aesthetik-und-gesundheit\/\"><i class=\"fa fa-angle-right\"><\/i><\/a> <\/div>  <div class=\"content_box\"> <div class=\"date\"> <span class=\"date_in_number\">07<\/span> <span class=\"date_in_month\">Apr.<\/span> <\/div> <a href=\"https:\/\/sbsvipservices.com\/de\/category\/augenlidstraffung\/\" class=\"categories\"><i class=\"icon-folder\"><\/i>Augenlidstraffung<\/a> <h2 class=\"title\"><a href=\"https:\/\/sbsvipservices.com\/de\/aesthetik-und-gesundheit\/\" rel=\"bookmark\">\u00c4sthetik und Gesundheit<\/a><\/h2> <\/div> <\/div> <\/div>     <div class=\"grid_box _card\"> <div class=\"news_box style_one blog_classic has_images\" id=\"post-9681\">  <div class=\"image img_hover-1\"> <img loading=\"lazy\" decoding=\"async\" width=\"800\" height=\"533\" src=\"https:\/\/sbsvipservices.com\/wp-content\/uploads\/2026\/03\/asthetische-Chirurgie.jpg\" class=\"attachment-creote-grid-470-280 size-creote-grid-470-280 wp-post-image\" alt=\"\u00e4sthetische Chirurgie\" srcset=\"https:\/\/sbsvipservices.com\/wp-content\/uploads\/2026\/03\/asthetische-Chirurgie.jpg 800w, https:\/\/sbsvipservices.com\/wp-content\/uploads\/2026\/03\/asthetische-Chirurgie-300x200.jpg 300w, https:\/\/sbsvipservices.com\/wp-content\/uploads\/2026\/03\/asthetische-Chirurgie-768x512.jpg 768w\" sizes=\"(max-width: 800px) 100vw, 800px\" \/> <a class=\"arrow\" href=\"https:\/\/sbsvipservices.com\/de\/einfuehrung-in-die-aesthetische-chirurgie-grundlegende-konzepte-und-aesthetische-ziele\/\"><i class=\"fa fa-angle-right\"><\/i><\/a> <\/div>  <div class=\"content_box\"> <div class=\"date\"> <span class=\"date_in_number\">26<\/span> <span class=\"date_in_month\">M\u00e4rz<\/span> <\/div> <a href=\"https:\/\/sbsvipservices.com\/de\/category\/augenlidstraffung\/\" class=\"categories\"><i class=\"icon-folder\"><\/i>Augenlidstraffung<\/a> <h2 class=\"title\"><a href=\"https:\/\/sbsvipservices.com\/de\/einfuehrung-in-die-aesthetische-chirurgie-grundlegende-konzepte-und-aesthetische-ziele\/\" rel=\"bookmark\">Einf\u00fchrung in die \u00e4sthetische Chirurgie: Grundlegende Konzepte und \u00e4sthetische Ziele<\/a><\/h2> <\/div> <\/div> <\/div>     <div class=\"grid_box _card\"> <div class=\"news_box style_one blog_classic has_images\" id=\"post-9563\">  <div class=\"image img_hover-1\"> <img loading=\"lazy\" decoding=\"async\" width=\"800\" height=\"533\" src=\"https:\/\/sbsvipservices.com\/wp-content\/uploads\/2026\/02\/Was-sind-Krampfadern.jpg\" class=\"attachment-creote-grid-470-280 size-creote-grid-470-280 wp-post-image\" alt=\"Was sind Krampfadern\" srcset=\"https:\/\/sbsvipservices.com\/wp-content\/uploads\/2026\/02\/Was-sind-Krampfadern.jpg 800w, https:\/\/sbsvipservices.com\/wp-content\/uploads\/2026\/02\/Was-sind-Krampfadern-300x200.jpg 300w, https:\/\/sbsvipservices.com\/wp-content\/uploads\/2026\/02\/Was-sind-Krampfadern-768x512.jpg 768w\" sizes=\"(max-width: 800px) 100vw, 800px\" \/> <a class=\"arrow\" href=\"https:\/\/sbsvipservices.com\/de\/was-sind-krampfadern\/\"><i class=\"fa fa-angle-right\"><\/i><\/a> <\/div>  <div class=\"content_box\"> <div class=\"date\"> <span class=\"date_in_number\">24<\/span> <span class=\"date_in_month\">Feb.<\/span> <\/div> <a href=\"https:\/\/sbsvipservices.com\/de\/category\/gesundheitstourismus\/\" class=\"categories\"><i class=\"icon-folder\"><\/i>Gesundheitstourismus<\/a> <h2 class=\"title\"><a href=\"https:\/\/sbsvipservices.com\/de\/was-sind-krampfadern\/\" rel=\"bookmark\">Was sind Krampfadern<\/a><\/h2> <\/div> <\/div> <\/div>     <div class=\"grid_box _card\"> <div class=\"news_box style_one blog_classic has_images\" id=\"post-9538\">  <div class=\"image img_hover-1\"> <img loading=\"lazy\" decoding=\"async\" width=\"800\" height=\"533\" src=\"https:\/\/sbsvipservices.com\/wp-content\/uploads\/2026\/02\/Behandlung-von-Krampfadern-in-Side.jpg\" class=\"attachment-creote-grid-470-280 size-creote-grid-470-280 wp-post-image\" alt=\"Behandlung von Krampfadern in Side\" srcset=\"https:\/\/sbsvipservices.com\/wp-content\/uploads\/2026\/02\/Behandlung-von-Krampfadern-in-Side.jpg 800w, https:\/\/sbsvipservices.com\/wp-content\/uploads\/2026\/02\/Behandlung-von-Krampfadern-in-Side-300x200.jpg 300w, https:\/\/sbsvipservices.com\/wp-content\/uploads\/2026\/02\/Behandlung-von-Krampfadern-in-Side-768x512.jpg 768w\" sizes=\"(max-width: 800px) 100vw, 800px\" \/> <a class=\"arrow\" href=\"https:\/\/sbsvipservices.com\/de\/behandlung-von-krampfadern-in-side\/\"><i class=\"fa fa-angle-right\"><\/i><\/a> <\/div>  <div class=\"content_box\"> <div class=\"date\"> <span class=\"date_in_number\">17<\/span> <span class=\"date_in_month\">Feb.<\/span> <\/div> <a href=\"https:\/\/sbsvipservices.com\/de\/category\/gesundheitstourismus\/\" class=\"categories\"><i class=\"icon-folder\"><\/i>Gesundheitstourismus<\/a> <h2 class=\"title\"><a href=\"https:\/\/sbsvipservices.com\/de\/behandlung-von-krampfadern-in-side\/\" rel=\"bookmark\">Behandlung von Krampfadern in Side<\/a><\/h2> <\/div> <\/div> <\/div>     <div class=\"grid_box _card\"> <div class=\"news_box style_one blog_classic has_images\" id=\"post-9512\">  <div class=\"image img_hover-1\"> <img loading=\"lazy\" decoding=\"async\" width=\"800\" height=\"533\" src=\"https:\/\/sbsvipservices.com\/wp-content\/uploads\/2026\/02\/Nasenkorrektur-in-Side.jpg\" class=\"attachment-creote-grid-470-280 size-creote-grid-470-280 wp-post-image\" alt=\"Nasenkorrektur in Side\" srcset=\"https:\/\/sbsvipservices.com\/wp-content\/uploads\/2026\/02\/Nasenkorrektur-in-Side.jpg 800w, https:\/\/sbsvipservices.com\/wp-content\/uploads\/2026\/02\/Nasenkorrektur-in-Side-300x200.jpg 300w, https:\/\/sbsvipservices.com\/wp-content\/uploads\/2026\/02\/Nasenkorrektur-in-Side-768x512.jpg 768w\" sizes=\"(max-width: 800px) 100vw, 800px\" \/> <a class=\"arrow\" href=\"https:\/\/sbsvipservices.com\/de\/nasenkorrektur-ratgeber-in-side-und-manavgat\/\"><i class=\"fa fa-angle-right\"><\/i><\/a> <\/div>  <div class=\"content_box\"> <div class=\"date\"> <span class=\"date_in_number\">01<\/span> <span class=\"date_in_month\">Feb.<\/span> <\/div> <a href=\"https:\/\/sbsvipservices.com\/de\/category\/gesichtsaesthetik\/\" class=\"categories\"><i class=\"icon-folder\"><\/i>Gesichts\u00e4sthetik<\/a> <h2 class=\"title\"><a href=\"https:\/\/sbsvipservices.com\/de\/nasenkorrektur-ratgeber-in-side-und-manavgat\/\" rel=\"bookmark\">Nasenkorrektur in Side<\/a><\/h2> <\/div> <\/div> <\/div>    <\/div>  <div class=\"row\"> <div class=\"col-lg-12\"> <div class=\"pagination\"> <ul class='page-numbers'>\n\t<li><span aria-current=\"page\" class=\"page-numbers current\">1<\/span><\/li>\n\t<li><a class=\"page-numbers\" href=\"https:\/\/sbsvipservices.com\/de\/wp-json\/wp\/v2\/pages\/9198\/page\/2\/\">2<\/a><\/li>\n\t<li><a class=\"page-numbers\" href=\"https:\/\/sbsvipservices.com\/de\/wp-json\/wp\/v2\/pages\/9198\/page\/3\/\">3<\/a><\/li>\n\t<li><span class=\"page-numbers dots\">&hellip;<\/span><\/li>\n\t<li><a class=\"page-numbers\" href=\"https:\/\/sbsvipservices.com\/de\/wp-json\/wp\/v2\/pages\/9198\/page\/7\/\">7<\/a><\/li>\n\t<li><a class=\"next page-numbers\" href=\"https:\/\/sbsvipservices.com\/de\/wp-json\/wp\/v2\/pages\/9198\/page\/2\/\"><i class=\"fa fa-angle-right\"><\/i><\/a><\/li>\n<\/ul>\n <\/div> <\/div> <\/div>  <\/section>\r\n\t\t\t\t<\/div>\n\t\t\t\t<\/div>\n\t\t\t\t\t<\/div>\n\t\t\t\t<\/div>\n\t\t<div class=\"elementor-element elementor-element-0e3e9d3 e-flex e-con-boxed e-con e-parent\" data-id=\"0e3e9d3\" data-element_type=\"container\" data-e-type=\"container\">\n\t\t\t\t\t<div class=\"e-con-inner\">\n\t\t\t\t\t<\/div>\n\t\t\t\t<\/div>\n\t\t\t\t<\/div>\n\t\t","protected":false},"excerpt":{"rendered":"<p>17 Feb Health Tourism Varicose veins treatment in Side 01 Feb Beauty Clinic Rhinoplasty in Side and Manavgat 19 Jan Beauty Clinic Lateral eyelid lift in Side 23 Dec Dental Clinic Side dental implant guide 19 Dec Dental Clinic Dental implant treatment in Antalya Manavgat Side: Effortlessly regain your smile and self-confidence. 21 Nov Dental [&hellip;]<\/p>\n","protected":false},"author":1,"featured_media":0,"parent":0,"menu_order":0,"comment_status":"closed","ping_status":"closed","template":"template-fullwidth.php","meta":{"footnotes":""},"class_list":["post-9198","page","type-page","status-publish","hentry"],"yoast_head":"<!-- This site is optimized with the Yoast SEO Premium plugin v24.7 (Yoast SEO v27.0) - https:\/\/yoast.com\/product\/yoast-seo-premium-wordpress\/ -->\n<title>Blog - SBS VIP Services<\/title>\n<meta name=\"robots\" content=\"index, follow, max-snippet:-1, max-image-preview:large, max-video-preview:-1\" \/>\n<link rel=\"canonical\" href=\"https:\/\/sbsvipservices.com\/blog\/\" \/>\n<meta property=\"og:locale\" content=\"de_DE\" \/>\n<meta property=\"og:type\" content=\"article\" \/>\n<meta property=\"og:title\" content=\"Blog\" \/>\n<meta property=\"og:description\" content=\"17 Feb Health Tourism Varicose veins treatment in Side 01 Feb Beauty Clinic Rhinoplasty in Side and Manavgat 19 Jan Beauty Clinic Lateral eyelid lift in Side 23 Dec Dental Clinic Side dental implant guide 19 Dec Dental Clinic Dental implant treatment in Antalya Manavgat Side: Effortlessly regain your smile and self-confidence. 21 Nov Dental [&hellip;]\" \/>\n<meta property=\"og:url\" content=\"https:\/\/sbsvipservices.com\/blog\/\" \/>\n<meta property=\"og:site_name\" content=\"SBS VIP Services\" \/>\n<meta property=\"article:modified_time\" content=\"2026-02-25T00:17:38+00:00\" \/>\n<meta property=\"og:image\" content=\"https:\/\/sbsvipservices.com\/wp-content\/uploads\/2026\/02\/Varicose-veins-treatment-in-Side.jpg\" \/>\n<meta name=\"twitter:card\" content=\"summary_large_image\" \/>\n<meta name=\"twitter:label1\" content=\"Gesch\u00e4tzte Lesezeit\" \/>\n\t<meta name=\"twitter:data1\" content=\"3\u00a0Minuten\" \/>\n<script type=\"application\/ld+json\" class=\"yoast-schema-graph\">{\"@context\":\"https:\/\/schema.org\",\"@graph\":[{\"@type\":\"WebPage\",\"@id\":\"https:\/\/sbsvipservices.com\/blog\/\",\"url\":\"https:\/\/sbsvipservices.com\/blog\/\",\"name\":\"Blog - SBS VIP Services\",\"isPartOf\":{\"@id\":\"https:\/\/sbsvipservices.com\/#website\"},\"primaryImageOfPage\":{\"@id\":\"https:\/\/sbsvipservices.com\/blog\/#primaryimage\"},\"image\":{\"@id\":\"https:\/\/sbsvipservices.com\/blog\/#primaryimage\"},\"thumbnailUrl\":\"https:\/\/sbsvipservices.com\/wp-content\/uploads\/2026\/02\/Varicose-veins-treatment-in-Side.jpg\",\"datePublished\":\"2025-09-23T13:45:36+00:00\",\"dateModified\":\"2026-02-25T00:17:38+00:00\",\"breadcrumb\":{\"@id\":\"https:\/\/sbsvipservices.com\/blog\/#breadcrumb\"},\"inLanguage\":\"de\",\"potentialAction\":[{\"@type\":\"ReadAction\",\"target\":[\"https:\/\/sbsvipservices.com\/blog\/\"]}]},{\"@type\":\"ImageObject\",\"inLanguage\":\"de\",\"@id\":\"https:\/\/sbsvipservices.com\/blog\/#primaryimage\",\"url\":\"https:\/\/sbsvipservices.com\/wp-content\/uploads\/2026\/02\/Varicose-veins-treatment-in-Side.jpg\",\"contentUrl\":\"https:\/\/sbsvipservices.com\/wp-content\/uploads\/2026\/02\/Varicose-veins-treatment-in-Side.jpg\"},{\"@type\":\"BreadcrumbList\",\"@id\":\"https:\/\/sbsvipservices.com\/blog\/#breadcrumb\",\"itemListElement\":[{\"@type\":\"ListItem\",\"position\":1,\"name\":\"Home\",\"item\":\"https:\/\/sbsvipservices.com\/tr\/\"},{\"@type\":\"ListItem\",\"position\":2,\"name\":\"Blog\"}]},{\"@type\":\"WebSite\",\"@id\":\"https:\/\/sbsvipservices.com\/#website\",\"url\":\"https:\/\/sbsvipservices.com\/\",\"name\":\"SBS VIP Services\",\"description\":\"\",\"publisher\":{\"@id\":\"https:\/\/sbsvipservices.com\/#organization\"},\"potentialAction\":[{\"@type\":\"SearchAction\",\"target\":{\"@type\":\"EntryPoint\",\"urlTemplate\":\"https:\/\/sbsvipservices.com\/?s={search_term_string}\"},\"query-input\":{\"@type\":\"PropertyValueSpecification\",\"valueRequired\":true,\"valueName\":\"search_term_string\"}}],\"inLanguage\":\"de\"},{\"@type\":\"Organization\",\"@id\":\"https:\/\/sbsvipservices.com\/#organization\",\"name\":\"SBS VIP Services\",\"url\":\"https:\/\/sbsvipservices.com\/\",\"logo\":{\"@type\":\"ImageObject\",\"inLanguage\":\"de\",\"@id\":\"https:\/\/sbsvipservices.com\/#\/schema\/logo\/image\/\",\"url\":\"https:\/\/sbsvipservices.com\/wp-content\/uploads\/2024\/02\/site-icon.png\",\"contentUrl\":\"https:\/\/sbsvipservices.com\/wp-content\/uploads\/2024\/02\/site-icon.png\",\"width\":512,\"height\":512,\"caption\":\"SBS VIP Services\"},\"image\":{\"@id\":\"https:\/\/sbsvipservices.com\/#\/schema\/logo\/image\/\"}}]}<\/script>\n<!-- \/ Yoast SEO Premium plugin. -->","yoast_head_json":{"title":"Blog - SBS VIP Services","robots":{"index":"index","follow":"follow","max-snippet":"max-snippet:-1","max-image-preview":"max-image-preview:large","max-video-preview":"max-video-preview:-1"},"canonical":"https:\/\/sbsvipservices.com\/blog\/","og_locale":"de_DE","og_type":"article","og_title":"Blog","og_description":"17 Feb Health Tourism Varicose veins treatment in Side 01 Feb Beauty Clinic Rhinoplasty in Side and Manavgat 19 Jan Beauty Clinic Lateral eyelid lift in Side 23 Dec Dental Clinic Side dental implant guide 19 Dec Dental Clinic Dental implant treatment in Antalya Manavgat Side: Effortlessly regain your smile and self-confidence. 21 Nov Dental [&hellip;]","og_url":"https:\/\/sbsvipservices.com\/blog\/","og_site_name":"SBS VIP Services","article_modified_time":"2026-02-25T00:17:38+00:00","og_image":[{"url":"https:\/\/sbsvipservices.com\/wp-content\/uploads\/2026\/02\/Varicose-veins-treatment-in-Side.jpg","type":"","width":"","height":""}],"twitter_card":"summary_large_image","twitter_misc":{"Gesch\u00e4tzte Lesezeit":"3\u00a0Minuten"},"schema":{"@context":"https:\/\/schema.org","@graph":[{"@type":"WebPage","@id":"https:\/\/sbsvipservices.com\/blog\/","url":"https:\/\/sbsvipservices.com\/blog\/","name":"Blog - SBS VIP Services","isPartOf":{"@id":"https:\/\/sbsvipservices.com\/#website"},"primaryImageOfPage":{"@id":"https:\/\/sbsvipservices.com\/blog\/#primaryimage"},"image":{"@id":"https:\/\/sbsvipservices.com\/blog\/#primaryimage"},"thumbnailUrl":"https:\/\/sbsvipservices.com\/wp-content\/uploads\/2026\/02\/Varicose-veins-treatment-in-Side.jpg","datePublished":"2025-09-23T13:45:36+00:00","dateModified":"2026-02-25T00:17:38+00:00","breadcrumb":{"@id":"https:\/\/sbsvipservices.com\/blog\/#breadcrumb"},"inLanguage":"de","potentialAction":[{"@type":"ReadAction","target":["https:\/\/sbsvipservices.com\/blog\/"]}]},{"@type":"ImageObject","inLanguage":"de","@id":"https:\/\/sbsvipservices.com\/blog\/#primaryimage","url":"https:\/\/sbsvipservices.com\/wp-content\/uploads\/2026\/02\/Varicose-veins-treatment-in-Side.jpg","contentUrl":"https:\/\/sbsvipservices.com\/wp-content\/uploads\/2026\/02\/Varicose-veins-treatment-in-Side.jpg"},{"@type":"BreadcrumbList","@id":"https:\/\/sbsvipservices.com\/blog\/#breadcrumb","itemListElement":[{"@type":"ListItem","position":1,"name":"Home","item":"https:\/\/sbsvipservices.com\/tr\/"},{"@type":"ListItem","position":2,"name":"Blog"}]},{"@type":"WebSite","@id":"https:\/\/sbsvipservices.com\/#website","url":"https:\/\/sbsvipservices.com\/","name":"SBS VIP Services","description":"","publisher":{"@id":"https:\/\/sbsvipservices.com\/#organization"},"potentialAction":[{"@type":"SearchAction","target":{"@type":"EntryPoint","urlTemplate":"https:\/\/sbsvipservices.com\/?s={search_term_string}"},"query-input":{"@type":"PropertyValueSpecification","valueRequired":true,"valueName":"search_term_string"}}],"inLanguage":"de"},{"@type":"Organization","@id":"https:\/\/sbsvipservices.com\/#organization","name":"SBS VIP Services","url":"https:\/\/sbsvipservices.com\/","logo":{"@type":"ImageObject","inLanguage":"de","@id":"https:\/\/sbsvipservices.com\/#\/schema\/logo\/image\/","url":"https:\/\/sbsvipservices.com\/wp-content\/uploads\/2024\/02\/site-icon.png","contentUrl":"https:\/\/sbsvipservices.com\/wp-content\/uploads\/2024\/02\/site-icon.png","width":512,"height":512,"caption":"SBS VIP Services"},"image":{"@id":"https:\/\/sbsvipservices.com\/#\/schema\/logo\/image\/"}}]}},"_links":{"self":[{"href":"https:\/\/sbsvipservices.com\/de\/wp-json\/wp\/v2\/pages\/9198","targetHints":{"allow":["GET"]}}],"collection":[{"href":"https:\/\/sbsvipservices.com\/de\/wp-json\/wp\/v2\/pages"}],"about":[{"href":"https:\/\/sbsvipservices.com\/de\/wp-json\/wp\/v2\/types\/page"}],"author":[{"embeddable":true,"href":"https:\/\/sbsvipservices.com\/de\/wp-json\/wp\/v2\/users\/1"}],"replies":[{"embeddable":true,"href":"https:\/\/sbsvipservices.com\/de\/wp-json\/wp\/v2\/comments?post=9198"}],"version-history":[{"count":8,"href":"https:\/\/sbsvipservices.com\/de\/wp-json\/wp\/v2\/pages\/9198\/revisions"}],"predecessor-version":[{"id":9596,"href":"https:\/\/sbsvipservices.com\/de\/wp-json\/wp\/v2\/pages\/9198\/revisions\/9596"}],"wp:attachment":[{"href":"https:\/\/sbsvipservices.com\/de\/wp-json\/wp\/v2\/media?parent=9198"}],"curies":[{"name":"wp","href":"https:\/\/api.w.org\/{rel}","templated":true}]}}