{"id":7371,"date":"2021-10-05T13:05:24","date_gmt":"2021-10-05T12:05:24","guid":{"rendered":"https:\/\/sbsvipservices.com\/hakkimizda\/"},"modified":"2024-03-09T14:44:06","modified_gmt":"2024-03-09T14:44:06","slug":"hakkimizda","status":"publish","type":"page","link":"https:\/\/sbsvipservices.com\/tr\/hakkimizda\/","title":{"rendered":"Hakk\u0131m\u0131zda"},"content":{"rendered":"\t\t<div data-elementor-type=\"wp-page\" data-elementor-id=\"7371\" class=\"elementor elementor-7371 elementor-6443\">\n\t\t\t\t\t\t<section class=\"elementor-section elementor-top-section elementor-element elementor-element-0a7202d elementor-section-boxed elementor-section-height-default elementor-section-height-default\" data-id=\"0a7202d\" data-element_type=\"section\" data-e-type=\"section\">\n\t\t\t\t\t\t<div class=\"elementor-container elementor-column-gap-default\">\n\t\t\t\t\t<div class=\"elementor-column elementor-col-50 elementor-top-column elementor-element elementor-element-55138ff\" data-id=\"55138ff\" data-element_type=\"column\" data-e-type=\"column\">\n\t\t\t<div class=\"elementor-widget-wrap elementor-element-populated\">\n\t\t\t\t\t\t<div class=\"elementor-element elementor-element-5d44b56 elementor-widget elementor-widget-creote-title-v1\" data-id=\"5d44b56\" data-element_type=\"widget\" data-e-type=\"widget\" data-widget_type=\"creote-title-v1.default\">\n\t\t\t\t<div class=\"elementor-widget-container\">\n\t\t\t\t\t<div class=\"title_all_box style_one dark_color\">\r\n            <!-- Default title style -->\r\n        <div class=\"title_sections left\">\r\n                            <div class=\"before_title\">\r\n                    Biz:                <\/div>\r\n                                        <div class=\"title\">\r\n                    SBS VIP Services                <\/div>\r\n                                <\/div>\r\n        <!-- End of default title style -->\r\n\r\n    <\/div>\r\n\t\t\t\t<\/div>\n\t\t\t\t<\/div>\n\t\t\t\t<div class=\"elementor-element elementor-element-93bc6ee elementor-widget elementor-widget-creote-extra-content-v1\" data-id=\"93bc6ee\" data-element_type=\"widget\" data-e-type=\"widget\" data-widget_type=\"creote-extra-content-v1.default\">\n\t\t\t\t<div class=\"elementor-widget-container\">\n\t\t\t\t\t<div class=\"extra_content image_with_content dark_color\"  data-aos=\"fade-up\" data-aos-delay=\"100\" data-aos-offset=\"0\" >  <div class=\"simple_image\">  <h2> D\u00f6n\u00fc\u015ft\u00fcr\u00fcc\u00fc Sa\u011fl\u0131k Turizmine A\u00e7\u0131lan Kap\u0131n\u0131z <\/h2> <\/div> <\/div>\r\n\t\t\t\t<\/div>\n\t\t\t\t<\/div>\n\t\t\t\t<div class=\"elementor-element elementor-element-d1c92db elementor-widget elementor-widget-creote-description-v1\" data-id=\"d1c92db\" data-element_type=\"widget\" data-e-type=\"widget\" data-widget_type=\"creote-description-v1.default\">\n\t\t\t\t<div class=\"elementor-widget-container\">\n\t\t\t\t\t<div class=\"description_box\" >  <p>Sa\u011fl\u0131k turizminin d\u00f6n\u00fc\u015ft\u00fcr\u00fcc\u00fc g\u00fcc\u00fcne inand\u0131\u011f\u0131m\u0131z SBS VIP Hizmetlerine ho\u015f geldiniz. Antalya'n\u0131n pitoresk Side kasabas\u0131nda yer alan otelimiz, geleneksel turizmin \u00f6tesine ge\u00e7en benzersiz deneyimler sunmaya kendimizi adad\u0131k. Misyonumuz, var\u0131\u015f noktam\u0131z\u0131n g\u00fczelli\u011fini en ileri t\u0131bbi uzmanl\u0131kla birle\u015ftirerek, optimum sa\u011fl\u0131k ve refah yolculu\u011funda size rehberlik etmektir.<\/p> <\/div>\r\n\t\t\t\t<\/div>\n\t\t\t\t<\/div>\n\t\t\t\t<section class=\"elementor-section elementor-inner-section elementor-element elementor-element-971e1fd elementor-section-full_width elementor-section-height-default elementor-section-height-default\" data-id=\"971e1fd\" data-element_type=\"section\" data-e-type=\"section\">\n\t\t\t\t\t\t<div class=\"elementor-container elementor-column-gap-no\">\n\t\t\t\t\t<div class=\"elementor-column elementor-col-100 elementor-inner-column elementor-element elementor-element-c44d485\" data-id=\"c44d485\" data-element_type=\"column\" data-e-type=\"column\">\n\t\t\t<div class=\"elementor-widget-wrap elementor-element-populated\">\n\t\t\t\t\t\t<div class=\"elementor-element elementor-element-b4081e1 elementor-widget elementor-widget-text-editor\" data-id=\"b4081e1\" data-element_type=\"widget\" data-e-type=\"widget\" data-widget_type=\"text-editor.default\">\n\t\t\t\t<div class=\"elementor-widget-container\">\n\t\t\t\t\t\t\t\t\t<p><strong>Biz kimiz?<\/strong><\/p><p>SBS VIP Services olarak, bir sa\u011fl\u0131k turizmi sa\u011flay\u0131c\u0131s\u0131ndan \u00e7ok daha fazlas\u0131y\u0131z; refah konusunda ortaklar\u0131n\u0131z\u0131z. Deneyimli profesyonellerden olu\u015fan bir ekiple t\u0131bbi m\u00fckemmellik, k\u00fclt\u00fcrel etkile\u015fim ve ki\u015fiselle\u015ftirilmi\u015f bak\u0131m\u0131n uyumlu bir kar\u0131\u015f\u0131m\u0131n\u0131 bir araya getiriyoruz. Sa\u011fl\u0131k yolculu\u011funuza olan ba\u011fl\u0131l\u0131\u011f\u0131m\u0131z hizmetlerimizin her y\u00f6n\u00fcne yans\u0131t\u0131lmaktad\u0131r.<\/p>\t\t\t\t\t\t\t\t<\/div>\n\t\t\t\t<\/div>\n\t\t\t\t\t<\/div>\n\t\t<\/div>\n\t\t\t\t\t<\/div>\n\t\t<\/section>\n\t\t\t\t\t<\/div>\n\t\t<\/div>\n\t\t\t\t<div class=\"elementor-column elementor-col-50 elementor-top-column elementor-element elementor-element-bfd1edc\" data-id=\"bfd1edc\" data-element_type=\"column\" data-e-type=\"column\">\n\t\t\t<div class=\"elementor-widget-wrap elementor-element-populated\">\n\t\t\t\t\t\t<div class=\"elementor-element elementor-element-a9fb537 elementor-widget elementor-widget-creote-image-box-v1\" data-id=\"a9fb537\" data-element_type=\"widget\" data-e-type=\"widget\" data-widget_type=\"creote-image-box-v1.default\">\n\t\t\t\t<div class=\"elementor-widget-container\">\n\t\t\t\t\t <div class=\"image_boxes style_six\" >  <div class=\"image_box\"> <img decoding=\"async\" src=\"https:\/\/sbsvipservices.com\/wp-content\/uploads\/2024\/02\/site-icon.png\" class=\"img-fluid\" alt=\"image\">   <\/div>  <\/div> \r\n\t\t\t\t<\/div>\n\t\t\t\t<\/div>\n\t\t\t\t\t<\/div>\n\t\t<\/div>\n\t\t\t\t\t<\/div>\n\t\t<\/section>\n\t\t\t\t<section class=\"elementor-section elementor-top-section elementor-element elementor-element-562b721 elementor-section-boxed elementor-section-height-default elementor-section-height-default\" data-id=\"562b721\" data-element_type=\"section\" data-e-type=\"section\" data-settings=\"{&quot;background_background&quot;:&quot;classic&quot;}\">\n\t\t\t\t\t\t<div class=\"elementor-container elementor-column-gap-default\">\n\t\t\t\t\t<div class=\"elementor-column elementor-col-100 elementor-top-column elementor-element elementor-element-8e9c1fb\" data-id=\"8e9c1fb\" data-element_type=\"column\" data-e-type=\"column\">\n\t\t\t<div class=\"elementor-widget-wrap elementor-element-populated\">\n\t\t\t\t\t\t<div class=\"elementor-element elementor-element-1e9f9ad elementor-widget elementor-widget-creote-title-v1\" data-id=\"1e9f9ad\" data-element_type=\"widget\" data-e-type=\"widget\" data-widget_type=\"creote-title-v1.default\">\n\t\t\t\t<div class=\"elementor-widget-container\">\n\t\t\t\t\t<div class=\"title_all_box style_one dark_color\">\r\n            <!-- Default title style -->\r\n        <div class=\"title_sections center\">\r\n                            <div class=\"before_title\">\r\n                    \u0130\u015fimiz                <\/div>\r\n                                        <div class=\"title\">\r\n                    Di\u011ferlerinden \u00d6ne \u00c7\u0131k\u0131n                <\/div>\r\n                                <\/div>\r\n        <!-- End of default title style -->\r\n\r\n    <\/div>\r\n\t\t\t\t<\/div>\n\t\t\t\t<\/div>\n\t\t\t\t<section class=\"elementor-section elementor-inner-section elementor-element elementor-element-fe36003 elementor-section-full_width elementor-section-height-default elementor-section-height-default\" data-id=\"fe36003\" data-element_type=\"section\" data-e-type=\"section\">\n\t\t\t\t\t\t<div class=\"elementor-container elementor-column-gap-default\">\n\t\t\t\t\t<div class=\"elementor-column elementor-col-100 elementor-inner-column elementor-element elementor-element-f0b5114\" data-id=\"f0b5114\" data-element_type=\"column\" data-e-type=\"column\">\n\t\t\t<div class=\"elementor-widget-wrap elementor-element-populated\">\n\t\t\t\t\t\t<div class=\"elementor-element elementor-element-60c6f05 elementor-widget elementor-widget-image\" data-id=\"60c6f05\" data-element_type=\"widget\" data-e-type=\"widget\" data-widget_type=\"image.default\">\n\t\t\t\t<div class=\"elementor-widget-container\">\n\t\t\t\t\t\t\t\t\t\t\t\t\t\t\t<img fetchpriority=\"high\" decoding=\"async\" width=\"1024\" height=\"694\" src=\"https:\/\/sbsvipservices.com\/wp-content\/uploads\/2024\/03\/about-us.jpg\" class=\"attachment-large size-large wp-image-7374\" alt=\"\" srcset=\"https:\/\/sbsvipservices.com\/wp-content\/uploads\/2024\/03\/about-us.jpg 1024w, https:\/\/sbsvipservices.com\/wp-content\/uploads\/2024\/03\/about-us-300x203.jpg 300w, https:\/\/sbsvipservices.com\/wp-content\/uploads\/2024\/03\/about-us-768x521.jpg 768w\" sizes=\"(max-width: 1024px) 100vw, 1024px\" \/>\t\t\t\t\t\t\t\t\t\t\t\t\t\t\t<\/div>\n\t\t\t\t<\/div>\n\t\t\t\t<div class=\"elementor-element elementor-element-cc66363 elementor-widget elementor-widget-creote-iconbox-v1\" data-id=\"cc66363\" data-element_type=\"widget\" data-e-type=\"widget\" data-widget_type=\"creote-iconbox-v1.default\">\n\t\t\t\t<div class=\"elementor-widget-container\">\n\t\t\t\t\t<div class=\"icon_box_all style_three\" \r\n     \r\n        data-aos=\"fade-up\" data-aos-delay=\"0\" data-aos-offset=\"0\" \r\n    >\r\n\r\n            <div class=\"icon_content \">\r\n                            <div class=\"icon\">\r\n                    <span class=\" icon-text\"><\/span>\r\n                <\/div>\r\n                        <div class=\"txt_content\">\r\n                                  <h2 class=\"icontitle\">\r\n                                              Neden Bizi Se\u00e7melisiniz?                                                <\/h2>\r\n                                                    <p>\r\n                        <b>Medikal Alanlar\u0131nda Uzmanl\u0131k:<\/b><br>Di\u015f implantolojisi, sa\u00e7 ekimi prosed\u00fcrleri ve estetik cerrahi konular\u0131nda uzman\u0131z. Ekibimiz, kendi alanlar\u0131nda lider, yetenekli ve sertifikal\u0131 profesyonellerden olu\u015fmaktad\u0131r. \u0130ster \u0131\u015f\u0131lt\u0131l\u0131 bir g\u00fcl\u00fcmseme, g\u00f6steri\u015fli bukleler veya estetik iyile\u015ftirmeler ar\u0131yor olun, arzular\u0131n\u0131z\u0131 ger\u00e7e\u011fe d\u00f6n\u00fc\u015ft\u00fcrecek uzmanl\u0131\u011fa sahibiz.\n<br><br>\n<b>En Son Teknolojiye Sahip Klinikler:<\/b><br>SBS VIP Services, en son teknolojiye sahip tesislerle donat\u0131lm\u0131\u015f \u00fcst d\u00fczey klinikler ve hastanelerle birlikte \u00e7al\u0131\u015fmaktan gurur duymaktad\u0131r. Kaliteye olan ba\u011fl\u0131l\u0131\u011f\u0131m\u0131z, konforlu ve modern bir ortamda en y\u00fcksek standartta t\u0131bbi bak\u0131m alman\u0131z\u0131 sa\u011flar.\n<br><br>\n<b>Ki\u015fiselle\u015ftirilmi\u015f Bak\u0131m:<\/b><br>Her bireyin benzersiz oldu\u011funu ve sa\u011fl\u0131k ihtiya\u00e7lar\u0131n\u0131n da \u00f6yle oldu\u011funu biliyoruz. Yakla\u015f\u0131m\u0131m\u0131z, \u00f6zel gereksinimlerinizi kar\u015f\u0131lamak \u00fczere tasarlanm\u0131\u015f \u00f6zel tedavi planlar\u0131 ile ki\u015fiselle\u015ftirilmi\u015ftir. \u0130lk kons\u00fcltasyondan i\u015flem sonras\u0131 bak\u0131ma kadar konforunuzu ve sa\u011fl\u0131\u011f\u0131n\u0131z\u0131 \u00f6n planda tutuyoruz.\n<br><br>\n<b>K\u00fclt\u00fcrel \u0130\u00e7erme:<\/b><br> T\u0131bbi m\u00fckemmelli\u011fin \u00f6tesinde, b\u00fct\u00fcnsel bir deneyim sa\u011flamaya inan\u0131yoruz. Side, Antalya bir tarih ve k\u00fclt\u00fcr hazinesidir ve m\u00fc\u015fterilerimizi yerel cazibeye kap\u0131lmalar\u0131 i\u00e7in te\u015fvik ediyoruz. \u00d6zel olarak haz\u0131rlanm\u0131\u015f sa\u011fl\u0131k turizmi paketlerimiz, b\u00f6lgenin zengin miras\u0131n\u0131 ke\u015ffetme f\u0131rsatlar\u0131n\u0131 i\u00e7erir ve genel refah\u0131n\u0131z\u0131 art\u0131r\u0131r.\n                    <\/p>\r\n                                                            <\/div>\r\n        <\/div>\r\n\r\n    <\/div>\r\n\t\t\t\t<\/div>\n\t\t\t\t<\/div>\n\t\t\t\t\t<\/div>\n\t\t<\/div>\n\t\t\t\t\t<\/div>\n\t\t<\/section>\n\t\t\t\t\t<\/div>\n\t\t<\/div>\n\t\t\t\t\t<\/div>\n\t\t<\/section>\n\t\t\t\t<section class=\"elementor-section elementor-top-section elementor-element elementor-element-1619a9f elementor-section-boxed elementor-section-height-default elementor-section-height-default\" data-id=\"1619a9f\" data-element_type=\"section\" data-e-type=\"section\" data-settings=\"{&quot;background_background&quot;:&quot;classic&quot;}\">\n\t\t\t\t\t\t<div class=\"elementor-container elementor-column-gap-no\">\n\t\t\t\t\t<div class=\"elementor-column elementor-col-100 elementor-top-column elementor-element elementor-element-c8a7d54\" data-id=\"c8a7d54\" data-element_type=\"column\" data-e-type=\"column\">\n\t\t\t<div class=\"elementor-widget-wrap elementor-element-populated\">\n\t\t\t\t\t\t<div class=\"elementor-element elementor-element-f618184 elementor-widget elementor-widget-creote-title-v1\" data-id=\"f618184\" data-element_type=\"widget\" data-e-type=\"widget\" data-widget_type=\"creote-title-v1.default\">\n\t\t\t\t<div class=\"elementor-widget-container\">\n\t\t\t\t\t<div class=\"title_all_box style_one dark_color\">\r\n            <!-- Default title style -->\r\n        <div class=\"title_sections center\">\r\n                            <div class=\"before_title\">\r\n                    Prensiplerimiz ve G\u00fcven \u0130lkemiz                <\/div>\r\n                                        <div class=\"title\">\r\n                    \u00d6nceli\u011fimiz: Sa\u011fl\u0131\u011f\u0131n\u0131z:                <\/div>\r\n                                        <p>SBS VIP Services olarak al\u0131\u015f\u0131lagelmi\u015fin \u00f6tesine ge\u00e7erek sa\u011fl\u0131k turizmini yeniden tan\u0131ml\u0131yoruz. Optimum refah\u0131n sadece t\u0131bbi prosed\u00fcrleri de\u011fil ayn\u0131 zamanda zihin, beden ve ruhu kapsayan b\u00fct\u00fcnsel bir yakla\u015f\u0131m\u0131 i\u00e7erdi\u011fine inan\u0131yoruz. Side, Antalya'da bize kat\u0131l\u0131n, daha sa\u011fl\u0131kl\u0131, daha \u00f6zg\u00fcvenli bir kendinize do\u011fru yolculu\u011fa \u00e7\u0131k\u0131n. Beklentileri a\u015fan bir sa\u011fl\u0131k turizmi deneyimi i\u00e7in SBS VIP Hizmetlerini tercih edin. Sa\u011fl\u0131\u011f\u0131n\u0131z bizim \u00f6nceli\u011fimizdir ve bu d\u00f6n\u00fc\u015ft\u00fcr\u00fcc\u00fc yolculukta g\u00fcvenilir ortaklar\u0131n\u0131z olmaktan onur duyuyoruz.<\/p>\r\n                    <\/div>\r\n        <!-- End of default title style -->\r\n\r\n    <\/div>\r\n\t\t\t\t<\/div>\n\t\t\t\t<\/div>\n\t\t\t\t\t<\/div>\n\t\t<\/div>\n\t\t\t\t\t<\/div>\n\t\t<\/section>\n\t\t<div class=\"elementor-element elementor-element-e42625b e-flex e-con-boxed e-con e-parent\" data-id=\"e42625b\" data-element_type=\"container\" data-e-type=\"container\">\n\t\t\t\t\t<div class=\"e-con-inner\">\n\t\t\t\t<div class=\"elementor-element elementor-element-38e53ef elementor-widget elementor-widget-image\" data-id=\"38e53ef\" data-element_type=\"widget\" data-e-type=\"widget\" data-widget_type=\"image.default\">\n\t\t\t\t<div class=\"elementor-widget-container\">\n\t\t\t\t\t\t\t\t\t\t\t\t\t\t\t<img decoding=\"async\" width=\"1024\" height=\"512\" src=\"https:\/\/sbsvipservices.com\/wp-content\/uploads\/2024\/02\/happy-couple-1024x512.jpg\" class=\"attachment-large size-large wp-image-7297\" alt=\"\" srcset=\"https:\/\/sbsvipservices.com\/wp-content\/uploads\/2024\/02\/happy-couple-1024x512.jpg 1024w, https:\/\/sbsvipservices.com\/wp-content\/uploads\/2024\/02\/happy-couple-300x150.jpg 300w, https:\/\/sbsvipservices.com\/wp-content\/uploads\/2024\/02\/happy-couple-768x384.jpg 768w, https:\/\/sbsvipservices.com\/wp-content\/uploads\/2024\/02\/happy-couple-1536x768.jpg 1536w, https:\/\/sbsvipservices.com\/wp-content\/uploads\/2024\/02\/happy-couple.jpg 1920w\" sizes=\"(max-width: 1024px) 100vw, 1024px\" \/>\t\t\t\t\t\t\t\t\t\t\t\t\t\t\t<\/div>\n\t\t\t\t<\/div>\n\t\t\t\t\t<\/div>\n\t\t\t\t<\/div>\n\t\t\t\t<\/div>\n\t\t","protected":false},"excerpt":{"rendered":"<p>Biz: SBS VIP Services D\u00f6n\u00fc\u015ft\u00fcr\u00fcc\u00fc Sa\u011fl\u0131k Turizmine A\u00e7\u0131lan Kap\u0131n\u0131z Sa\u011fl\u0131k turizminin d\u00f6n\u00fc\u015ft\u00fcr\u00fcc\u00fc g\u00fcc\u00fcne inand\u0131\u011f\u0131m\u0131z SBS VIP Hizmetlerine ho\u015f geldiniz. Antalya&#8217;n\u0131n pitoresk Side kasabas\u0131nda yer alan otelimiz, geleneksel turizmin \u00f6tesine ge\u00e7en benzersiz deneyimler sunmaya kendimizi adad\u0131k. Misyonumuz, var\u0131\u015f noktam\u0131z\u0131n g\u00fczelli\u011fini en ileri t\u0131bbi uzmanl\u0131kla birle\u015ftirerek, optimum sa\u011fl\u0131k ve refah yolculu\u011funda size rehberlik etmektir. Biz kimiz? SBS [&hellip;]<\/p>\n","protected":false},"author":1,"featured_media":0,"parent":0,"menu_order":0,"comment_status":"closed","ping_status":"closed","template":"template-fullwidth.php","meta":{"footnotes":""},"class_list":["post-7371","page","type-page","status-publish","hentry"],"yoast_head":"<!-- This site is optimized with the Yoast SEO Premium plugin v24.7 (Yoast SEO v27.0) - https:\/\/yoast.com\/product\/yoast-seo-premium-wordpress\/ -->\n<title>Hakk\u0131m\u0131zda - SBS VIP Services<\/title>\n<meta name=\"robots\" content=\"index, follow, max-snippet:-1, max-image-preview:large, max-video-preview:-1\" \/>\n<link rel=\"canonical\" href=\"https:\/\/sbsvipservices.com\/tr\/hakkimizda\/\" \/>\n<meta property=\"og:locale\" content=\"tr_TR\" \/>\n<meta property=\"og:type\" content=\"article\" \/>\n<meta property=\"og:title\" content=\"Hakk\u0131m\u0131zda\" \/>\n<meta property=\"og:description\" content=\"Biz: SBS VIP Services D\u00f6n\u00fc\u015ft\u00fcr\u00fcc\u00fc Sa\u011fl\u0131k Turizmine A\u00e7\u0131lan Kap\u0131n\u0131z Sa\u011fl\u0131k turizminin d\u00f6n\u00fc\u015ft\u00fcr\u00fcc\u00fc g\u00fcc\u00fcne inand\u0131\u011f\u0131m\u0131z SBS VIP Hizmetlerine ho\u015f geldiniz. Antalya&#8217;n\u0131n pitoresk Side kasabas\u0131nda yer alan otelimiz, geleneksel turizmin \u00f6tesine ge\u00e7en benzersiz deneyimler sunmaya kendimizi adad\u0131k. Misyonumuz, var\u0131\u015f noktam\u0131z\u0131n g\u00fczelli\u011fini en ileri t\u0131bbi uzmanl\u0131kla birle\u015ftirerek, optimum sa\u011fl\u0131k ve refah yolculu\u011funda size rehberlik etmektir. Biz kimiz? SBS [&hellip;]\" \/>\n<meta property=\"og:url\" content=\"https:\/\/sbsvipservices.com\/tr\/hakkimizda\/\" \/>\n<meta property=\"og:site_name\" content=\"SBS VIP Services\" \/>\n<meta property=\"article:modified_time\" content=\"2024-03-09T14:44:06+00:00\" \/>\n<meta property=\"og:image\" content=\"https:\/\/sbsvipservices.com\/wp-content\/uploads\/2024\/02\/site-icon.png\" \/>\n<meta name=\"twitter:card\" content=\"summary_large_image\" \/>\n<meta name=\"twitter:label1\" content=\"Tahmini okuma s\u00fcresi\" \/>\n\t<meta name=\"twitter:data1\" content=\"3 dakika\" \/>\n<script type=\"application\/ld+json\" class=\"yoast-schema-graph\">{\"@context\":\"https:\/\/schema.org\",\"@graph\":[{\"@type\":\"WebPage\",\"@id\":\"https:\/\/sbsvipservices.com\/tr\/hakkimizda\/\",\"url\":\"https:\/\/sbsvipservices.com\/tr\/hakkimizda\/\",\"name\":\"Hakk\u0131m\u0131zda - SBS VIP Services\",\"isPartOf\":{\"@id\":\"https:\/\/sbsvipservices.com\/#website\"},\"primaryImageOfPage\":{\"@id\":\"https:\/\/sbsvipservices.com\/tr\/hakkimizda\/#primaryimage\"},\"image\":{\"@id\":\"https:\/\/sbsvipservices.com\/tr\/hakkimizda\/#primaryimage\"},\"thumbnailUrl\":\"https:\/\/sbsvipservices.com\/wp-content\/uploads\/2024\/02\/site-icon.png\",\"datePublished\":\"2021-10-05T12:05:24+00:00\",\"dateModified\":\"2024-03-09T14:44:06+00:00\",\"breadcrumb\":{\"@id\":\"https:\/\/sbsvipservices.com\/tr\/hakkimizda\/#breadcrumb\"},\"inLanguage\":\"tr\",\"potentialAction\":[{\"@type\":\"ReadAction\",\"target\":[\"https:\/\/sbsvipservices.com\/tr\/hakkimizda\/\"]}]},{\"@type\":\"ImageObject\",\"inLanguage\":\"tr\",\"@id\":\"https:\/\/sbsvipservices.com\/tr\/hakkimizda\/#primaryimage\",\"url\":\"https:\/\/sbsvipservices.com\/wp-content\/uploads\/2024\/02\/site-icon.png\",\"contentUrl\":\"https:\/\/sbsvipservices.com\/wp-content\/uploads\/2024\/02\/site-icon.png\"},{\"@type\":\"BreadcrumbList\",\"@id\":\"https:\/\/sbsvipservices.com\/tr\/hakkimizda\/#breadcrumb\",\"itemListElement\":[{\"@type\":\"ListItem\",\"position\":1,\"name\":\"Home\",\"item\":\"https:\/\/sbsvipservices.com\/tr\/\"},{\"@type\":\"ListItem\",\"position\":2,\"name\":\"Hakk\u0131m\u0131zda\"}]},{\"@type\":\"WebSite\",\"@id\":\"https:\/\/sbsvipservices.com\/#website\",\"url\":\"https:\/\/sbsvipservices.com\/\",\"name\":\"SBS VIP Services\",\"description\":\"\",\"publisher\":{\"@id\":\"https:\/\/sbsvipservices.com\/#organization\"},\"potentialAction\":[{\"@type\":\"SearchAction\",\"target\":{\"@type\":\"EntryPoint\",\"urlTemplate\":\"https:\/\/sbsvipservices.com\/?s={search_term_string}\"},\"query-input\":{\"@type\":\"PropertyValueSpecification\",\"valueRequired\":true,\"valueName\":\"search_term_string\"}}],\"inLanguage\":\"tr\"},{\"@type\":\"Organization\",\"@id\":\"https:\/\/sbsvipservices.com\/#organization\",\"name\":\"SBS VIP Services\",\"url\":\"https:\/\/sbsvipservices.com\/\",\"logo\":{\"@type\":\"ImageObject\",\"inLanguage\":\"tr\",\"@id\":\"https:\/\/sbsvipservices.com\/#\/schema\/logo\/image\/\",\"url\":\"https:\/\/sbsvipservices.com\/wp-content\/uploads\/2024\/02\/site-icon.png\",\"contentUrl\":\"https:\/\/sbsvipservices.com\/wp-content\/uploads\/2024\/02\/site-icon.png\",\"width\":512,\"height\":512,\"caption\":\"SBS VIP Services\"},\"image\":{\"@id\":\"https:\/\/sbsvipservices.com\/#\/schema\/logo\/image\/\"}}]}<\/script>\n<!-- \/ Yoast SEO Premium plugin. -->","yoast_head_json":{"title":"Hakk\u0131m\u0131zda - SBS VIP Services","robots":{"index":"index","follow":"follow","max-snippet":"max-snippet:-1","max-image-preview":"max-image-preview:large","max-video-preview":"max-video-preview:-1"},"canonical":"https:\/\/sbsvipservices.com\/tr\/hakkimizda\/","og_locale":"tr_TR","og_type":"article","og_title":"Hakk\u0131m\u0131zda","og_description":"Biz: SBS VIP Services D\u00f6n\u00fc\u015ft\u00fcr\u00fcc\u00fc Sa\u011fl\u0131k Turizmine A\u00e7\u0131lan Kap\u0131n\u0131z Sa\u011fl\u0131k turizminin d\u00f6n\u00fc\u015ft\u00fcr\u00fcc\u00fc g\u00fcc\u00fcne inand\u0131\u011f\u0131m\u0131z SBS VIP Hizmetlerine ho\u015f geldiniz. Antalya&#8217;n\u0131n pitoresk Side kasabas\u0131nda yer alan otelimiz, geleneksel turizmin \u00f6tesine ge\u00e7en benzersiz deneyimler sunmaya kendimizi adad\u0131k. Misyonumuz, var\u0131\u015f noktam\u0131z\u0131n g\u00fczelli\u011fini en ileri t\u0131bbi uzmanl\u0131kla birle\u015ftirerek, optimum sa\u011fl\u0131k ve refah yolculu\u011funda size rehberlik etmektir. Biz kimiz? SBS [&hellip;]","og_url":"https:\/\/sbsvipservices.com\/tr\/hakkimizda\/","og_site_name":"SBS VIP Services","article_modified_time":"2024-03-09T14:44:06+00:00","og_image":[{"url":"https:\/\/sbsvipservices.com\/wp-content\/uploads\/2024\/02\/site-icon.png","type":"","width":"","height":""}],"twitter_card":"summary_large_image","twitter_misc":{"Tahmini okuma s\u00fcresi":"3 dakika"},"schema":{"@context":"https:\/\/schema.org","@graph":[{"@type":"WebPage","@id":"https:\/\/sbsvipservices.com\/tr\/hakkimizda\/","url":"https:\/\/sbsvipservices.com\/tr\/hakkimizda\/","name":"Hakk\u0131m\u0131zda - SBS VIP Services","isPartOf":{"@id":"https:\/\/sbsvipservices.com\/#website"},"primaryImageOfPage":{"@id":"https:\/\/sbsvipservices.com\/tr\/hakkimizda\/#primaryimage"},"image":{"@id":"https:\/\/sbsvipservices.com\/tr\/hakkimizda\/#primaryimage"},"thumbnailUrl":"https:\/\/sbsvipservices.com\/wp-content\/uploads\/2024\/02\/site-icon.png","datePublished":"2021-10-05T12:05:24+00:00","dateModified":"2024-03-09T14:44:06+00:00","breadcrumb":{"@id":"https:\/\/sbsvipservices.com\/tr\/hakkimizda\/#breadcrumb"},"inLanguage":"tr","potentialAction":[{"@type":"ReadAction","target":["https:\/\/sbsvipservices.com\/tr\/hakkimizda\/"]}]},{"@type":"ImageObject","inLanguage":"tr","@id":"https:\/\/sbsvipservices.com\/tr\/hakkimizda\/#primaryimage","url":"https:\/\/sbsvipservices.com\/wp-content\/uploads\/2024\/02\/site-icon.png","contentUrl":"https:\/\/sbsvipservices.com\/wp-content\/uploads\/2024\/02\/site-icon.png"},{"@type":"BreadcrumbList","@id":"https:\/\/sbsvipservices.com\/tr\/hakkimizda\/#breadcrumb","itemListElement":[{"@type":"ListItem","position":1,"name":"Home","item":"https:\/\/sbsvipservices.com\/tr\/"},{"@type":"ListItem","position":2,"name":"Hakk\u0131m\u0131zda"}]},{"@type":"WebSite","@id":"https:\/\/sbsvipservices.com\/#website","url":"https:\/\/sbsvipservices.com\/","name":"SBS VIP Services","description":"","publisher":{"@id":"https:\/\/sbsvipservices.com\/#organization"},"potentialAction":[{"@type":"SearchAction","target":{"@type":"EntryPoint","urlTemplate":"https:\/\/sbsvipservices.com\/?s={search_term_string}"},"query-input":{"@type":"PropertyValueSpecification","valueRequired":true,"valueName":"search_term_string"}}],"inLanguage":"tr"},{"@type":"Organization","@id":"https:\/\/sbsvipservices.com\/#organization","name":"SBS VIP Services","url":"https:\/\/sbsvipservices.com\/","logo":{"@type":"ImageObject","inLanguage":"tr","@id":"https:\/\/sbsvipservices.com\/#\/schema\/logo\/image\/","url":"https:\/\/sbsvipservices.com\/wp-content\/uploads\/2024\/02\/site-icon.png","contentUrl":"https:\/\/sbsvipservices.com\/wp-content\/uploads\/2024\/02\/site-icon.png","width":512,"height":512,"caption":"SBS VIP Services"},"image":{"@id":"https:\/\/sbsvipservices.com\/#\/schema\/logo\/image\/"}}]}},"_links":{"self":[{"href":"https:\/\/sbsvipservices.com\/tr\/wp-json\/wp\/v2\/pages\/7371","targetHints":{"allow":["GET"]}}],"collection":[{"href":"https:\/\/sbsvipservices.com\/tr\/wp-json\/wp\/v2\/pages"}],"about":[{"href":"https:\/\/sbsvipservices.com\/tr\/wp-json\/wp\/v2\/types\/page"}],"author":[{"embeddable":true,"href":"https:\/\/sbsvipservices.com\/tr\/wp-json\/wp\/v2\/users\/1"}],"replies":[{"embeddable":true,"href":"https:\/\/sbsvipservices.com\/tr\/wp-json\/wp\/v2\/comments?post=7371"}],"version-history":[{"count":4,"href":"https:\/\/sbsvipservices.com\/tr\/wp-json\/wp\/v2\/pages\/7371\/revisions"}],"predecessor-version":[{"id":7379,"href":"https:\/\/sbsvipservices.com\/tr\/wp-json\/wp\/v2\/pages\/7371\/revisions\/7379"}],"wp:attachment":[{"href":"https:\/\/sbsvipservices.com\/tr\/wp-json\/wp\/v2\/media?parent=7371"}],"curies":[{"name":"wp","href":"https:\/\/api.w.org\/{rel}","templated":true}]}}