{"id":7380,"date":"2021-10-05T13:12:07","date_gmt":"2021-10-05T12:12:07","guid":{"rendered":"https:\/\/sbsvipservices.com\/iletisim\/"},"modified":"2025-04-10T17:30:19","modified_gmt":"2025-04-10T16:30:19","slug":"iletisim","status":"publish","type":"page","link":"https:\/\/sbsvipservices.com\/tr\/iletisim\/","title":{"rendered":"\u0130leti\u015fim"},"content":{"rendered":"\t\t<div data-elementor-type=\"wp-page\" data-elementor-id=\"7380\" class=\"elementor elementor-7380 elementor-77\">\n\t\t\t\t\t\t<section class=\"elementor-section elementor-top-section elementor-element elementor-element-efe7969 elementor-section-boxed elementor-section-height-default elementor-section-height-default\" data-id=\"efe7969\" data-element_type=\"section\" data-e-type=\"section\">\n\t\t\t\t\t\t<div class=\"elementor-container elementor-column-gap-default\">\n\t\t\t\t\t<div class=\"elementor-column elementor-col-50 elementor-top-column elementor-element elementor-element-dca790f elementor-hidden-tablet\" data-id=\"dca790f\" data-element_type=\"column\" data-e-type=\"column\">\n\t\t\t<div class=\"elementor-widget-wrap elementor-element-populated\">\n\t\t\t\t\t\t<div class=\"elementor-element elementor-element-2480814 elementor-widget elementor-widget-creote-contact-form-v1\" data-id=\"2480814\" data-element_type=\"widget\" data-e-type=\"widget\" data-widget_type=\"creote-contact-form-v1.default\">\n\t\t\t\t<div class=\"elementor-widget-container\">\n\t\t\t\t\t<section class=\"contact_form_box_all type_one\"  data-aos=\"fade-up\" data-aos-offset=\"0\" data-aos-delay=\"0\" >  <div class=\"contact_form_box_inner\"> <div class=\"contact_form_shortcode\">  \n<div class=\"wpcf7 no-js\" id=\"wpcf7-f7391-o1\" lang=\"tr-TR\" dir=\"ltr\" data-wpcf7-id=\"7391\">\n<div class=\"screen-reader-response\"><p role=\"status\" aria-live=\"polite\" aria-atomic=\"true\"><\/p> <ul><\/ul><\/div>\n<form action=\"\/tr\/wp-json\/wp\/v2\/pages\/7380#wpcf7-f7391-o1\" method=\"post\" class=\"wpcf7-form init\" aria-label=\"\u0130leti\u015fim Formu\" novalidate=\"novalidate\" data-status=\"init\">\n<fieldset class=\"hidden-fields-container\"><input type=\"hidden\" name=\"_wpcf7\" value=\"7391\" \/><input type=\"hidden\" name=\"_wpcf7_version\" value=\"6.1.5\" \/><input type=\"hidden\" name=\"_wpcf7_locale\" value=\"tr_TR\" \/><input type=\"hidden\" name=\"_wpcf7_unit_tag\" value=\"wpcf7-f7391-o1\" \/><input type=\"hidden\" name=\"_wpcf7_container_post\" value=\"0\" \/><input type=\"hidden\" name=\"_wpcf7_posted_data_hash\" value=\"\" \/><input type=\"hidden\" name=\"_wpcf7_recaptcha_response\" value=\"\" \/>\n<\/fieldset>\n<p><label> Ad\u0131n\u0131z Soyad\u0131n\u0131z<br \/>\n<span class=\"wpcf7-form-control-wrap\" data-name=\"your-name\"><input size=\"40\" maxlength=\"400\" class=\"wpcf7-form-control wpcf7-text wpcf7-validates-as-required\" autocomplete=\"name\" aria-required=\"true\" aria-invalid=\"false\" value=\"\" type=\"text\" name=\"your-name\" \/><\/span> <\/label>\n<\/p>\n<p><label> Your email<br \/>\n<span class=\"wpcf7-form-control-wrap\" data-name=\"your-email\"><input size=\"40\" maxlength=\"400\" class=\"wpcf7-form-control wpcf7-email wpcf7-validates-as-required wpcf7-text wpcf7-validates-as-email\" autocomplete=\"email\" aria-required=\"true\" aria-invalid=\"false\" value=\"\" type=\"email\" name=\"your-email\" \/><\/span> <\/label>\n<\/p>\n<p><label> Konu<br \/>\n<span class=\"wpcf7-form-control-wrap\" data-name=\"your-subject\"><input size=\"40\" maxlength=\"400\" class=\"wpcf7-form-control wpcf7-text wpcf7-validates-as-required\" aria-required=\"true\" aria-invalid=\"false\" value=\"\" type=\"text\" name=\"your-subject\" \/><\/span> <\/label>\n<\/p>\n<p><label> Mesaj\u0131n\u0131z (OPS\u0130YONEL)<br \/>\n<span class=\"wpcf7-form-control-wrap\" data-name=\"your-message\"><textarea cols=\"40\" rows=\"10\" maxlength=\"2000\" class=\"wpcf7-form-control wpcf7-textarea\" aria-invalid=\"false\" name=\"your-message\"><\/textarea><\/span> <\/label>\n<\/p>\n<p><input class=\"wpcf7-form-control wpcf7-submit has-spinner\" type=\"submit\" value=\"G\u00d6NDER\" \/>\n<\/p><div class=\"wpcf7-response-output\" aria-hidden=\"true\"><\/div>\n<\/form>\n<\/div>\n  <\/div> <\/div> <\/section>\r\n\t\t\t\t<\/div>\n\t\t\t\t<\/div>\n\t\t\t\t\t<\/div>\n\t\t<\/div>\n\t\t\t\t<div class=\"elementor-column elementor-col-50 elementor-top-column elementor-element elementor-element-5d654ed\" data-id=\"5d654ed\" data-element_type=\"column\" data-e-type=\"column\">\n\t\t\t<div class=\"elementor-widget-wrap elementor-element-populated\">\n\t\t\t\t\t\t<div class=\"elementor-element elementor-element-03e0660 elementor-widget elementor-widget-creote-title-v1\" data-id=\"03e0660\" data-element_type=\"widget\" data-e-type=\"widget\" data-widget_type=\"creote-title-v1.default\">\n\t\t\t\t<div class=\"elementor-widget-container\">\n\t\t\t\t\t<div class=\"title_all_box style_one dark_color\">\r\n            <!-- Default title style -->\r\n        <div class=\"title_sections left\">\r\n                            <div class=\"before_title\">\r\n                    \u0130leti\u015fim Bilgilerimiz                <\/div>\r\n                                        <div class=\"title\">\r\n                    Uzman Ekibimize Ula\u015f\u0131n                <\/div>\r\n                                        <p>\u0130leti\u015fim Formu arac\u0131l\u0131\u011f\u0131yla bize bir mesaj g\u00f6nderin. Sorunuz acilse  l\u00fctfen a\u015fa\u011f\u0131daki ileti\u015fim bilgilerini kullanarak bize telefonla veya whatsapp \u00fczerinden ula\u015f\u0131n.<\/p>\r\n                    <\/div>\r\n        <!-- End of default title style -->\r\n\r\n    <\/div>\r\n\t\t\t\t<\/div>\n\t\t\t\t<\/div>\n\t\t\t\t<div class=\"elementor-element elementor-element-eb3e0de elementor-widget elementor-widget-creote-contact-box-v1\" data-id=\"eb3e0de\" data-element_type=\"widget\" data-e-type=\"widget\" data-widget_type=\"creote-contact-box-v1.default\">\n\t\t\t\t<div class=\"elementor-widget-container\">\n\t\t\t\t\t \r\n<div class=\"contact_box_content style_one\" \r\n     \r\n        data-aos=\"fade-up\" \r\n        data-aos-delay=\"0\" \r\n        data-aos-offset=\"0\" \r\n    >\r\n            <div class=\"contact_box_inner  icon_yes \">\r\n                            <div class=\"icon_bx\">\r\n                    <span class=\" icon-phone-call\"><\/span>\r\n                <\/div>\r\n                        <div class=\"contnet\">\r\n                                  <div class=\"contitle\">Genel Sorular<\/div>\r\n                                                    <p>Telefon: <a href=\"tel:+905363059461\">(+90) 536 305 94 61<\/a><br>\nE-Posta: info@sbsvipservices.com<\/p>\r\n                            <\/div>\r\n        <\/div>\r\n    <\/div>\r\n\r\n\t\t\t\t<\/div>\n\t\t\t\t<\/div>\n\t\t\t\t<div class=\"elementor-element elementor-element-83e33b0 elementor-widget elementor-widget-creote-contact-box-v1\" data-id=\"83e33b0\" data-element_type=\"widget\" data-e-type=\"widget\" data-widget_type=\"creote-contact-box-v1.default\">\n\t\t\t\t<div class=\"elementor-widget-container\">\n\t\t\t\t\t \r\n<div class=\"contact_box_content style_one\" \r\n     \r\n        data-aos=\"fade-up\" \r\n        data-aos-delay=\"0\" \r\n        data-aos-offset=\"0\" \r\n    >\r\n            <div class=\"contact_box_inner  icon_yes \">\r\n                            <div class=\"icon_bx\">\r\n                    <span class=\" icon-placeholder\"><\/span>\r\n                <\/div>\r\n                        <div class=\"contnet\">\r\n                                  <div class=\"contitle\">Addres<\/div>\r\n                                                    <p>Side Mah. 608. Sk. No: 4\/1 Manavgat \/ Antalya - T\u00dcRK\u0130YE<\/p>\r\n                            <\/div>\r\n        <\/div>\r\n    <\/div>\r\n\r\n\t\t\t\t<\/div>\n\t\t\t\t<\/div>\n\t\t\t\t<div class=\"elementor-element elementor-element-f64590e elementor-widget elementor-widget-creote-contact-box-v1\" data-id=\"f64590e\" data-element_type=\"widget\" data-e-type=\"widget\" data-widget_type=\"creote-contact-box-v1.default\">\n\t\t\t\t<div class=\"elementor-widget-container\">\n\t\t\t\t\t \r\n<div class=\"contact_box_content style_one\" \r\n     \r\n        data-aos=\"fade-up\" \r\n        data-aos-delay=\"0\" \r\n        data-aos-offset=\"0\" \r\n    >\r\n            <div class=\"contact_box_inner  icon_yes \">\r\n                            <div class=\"icon_bx\">\r\n                    <span class=\"fa fa-coffee\"><\/span>\r\n                <\/div>\r\n                        <div class=\"contnet\">\r\n                                  <div class=\"contitle\">\u00c7al\u0131\u015fma Saatleri<\/div>\r\n                                                    <p>Pazartesi-Cumartesi: 09.00 - 18.00<\/p>\r\n                            <\/div>\r\n        <\/div>\r\n    <\/div>\r\n\r\n\t\t\t\t<\/div>\n\t\t\t\t<\/div>\n\t\t\t\t<div class=\"elementor-element elementor-element-3d00b83 elementor-widget elementor-widget-creote-social-media-v1\" data-id=\"3d00b83\" data-element_type=\"widget\" data-e-type=\"widget\" data-widget_type=\"creote-social-media-v1.default\">\n\t\t\t\t<div class=\"elementor-widget-container\">\n\t\t\t\t\t<div class=\"social_media_v_one\"> <ul>  <li > <a href=\"#\"  > <span class=\"fa fa-facebook\"><\/span> <small>facebook<\/small> <\/a> <\/li>  <li > <a href=\"#\"  > <span class=\"fa fa-twitter\"><\/span> <small>twitter<\/small> <\/a> <\/li>  <li > <a href=\"#\"  > <span class=\"fa fa-skype\"><\/span> <small>skype<\/small> <\/a> <\/li>  <li > <a href=\"#\"  > <span class=\"fa fa-instagram\"><\/span> <small>instagram<\/small> <\/a> <\/li>  <\/ul><\/div>\r\n\t\t\t\t<\/div>\n\t\t\t\t<\/div>\n\t\t\t\t\t<\/div>\n\t\t<\/div>\n\t\t\t\t\t<\/div>\n\t\t<\/section>\n\t\t<div class=\"elementor-element elementor-element-b91edb6 e-flex e-con-boxed e-con e-parent\" data-id=\"b91edb6\" data-element_type=\"container\" data-e-type=\"container\">\n\t\t\t\t\t<div class=\"e-con-inner\">\n\t\t\t\t<div class=\"elementor-element elementor-element-712df2c elementor-widget elementor-widget-creote-themebtns-v1\" data-id=\"712df2c\" data-element_type=\"widget\" data-e-type=\"widget\" data-widget_type=\"creote-themebtns-v1.default\">\n\t\t\t\t<div class=\"elementor-widget-container\">\n\t\t\t\t\t<div class=\"theme_btn_all color_two\">  <a href=\"https:\/\/sbsvipservices.com\/tr\/category\/saglik-turizmi\/\"   class=\"theme-btn one\"> Sa\u011fl\u0131k Turizmi Konusunda Yaz\u0131lar <\/a> <\/div>\r\n\t\t\t\t<\/div>\n\t\t\t\t<\/div>\n\t\t\t\t\t<\/div>\n\t\t\t\t<\/div>\n\t\t\t\t<\/div>\n\t\t","protected":false},"excerpt":{"rendered":"<p>Ad\u0131n\u0131z Soyad\u0131n\u0131z Your email Konu Mesaj\u0131n\u0131z (OPS\u0130YONEL) \u0130leti\u015fim Bilgilerimiz Uzman Ekibimize Ula\u015f\u0131n \u0130leti\u015fim Formu arac\u0131l\u0131\u011f\u0131yla bize bir mesaj g\u00f6nderin. Sorunuz acilse l\u00fctfen a\u015fa\u011f\u0131daki ileti\u015fim bilgilerini kullanarak bize telefonla veya whatsapp \u00fczerinden ula\u015f\u0131n. Genel Sorular Telefon: (+90) 536 305 94 61 E-Posta: info@sbsvipservices.com Addres Side Mah. 608. Sk. No: 4\/1 Manavgat \/ Antalya &#8211; T\u00dcRK\u0130YE \u00c7al\u0131\u015fma [&hellip;]<\/p>\n","protected":false},"author":1,"featured_media":0,"parent":0,"menu_order":0,"comment_status":"closed","ping_status":"closed","template":"template-fullwidth.php","meta":{"footnotes":""},"class_list":["post-7380","page","type-page","status-publish","hentry"],"yoast_head":"<!-- This site is optimized with the Yoast SEO Premium plugin v24.7 (Yoast SEO v27.0) - https:\/\/yoast.com\/product\/yoast-seo-premium-wordpress\/ -->\n<title>\u0130leti\u015fim - SBS VIP Services<\/title>\n<meta name=\"robots\" content=\"index, follow, max-snippet:-1, max-image-preview:large, max-video-preview:-1\" \/>\n<link rel=\"canonical\" href=\"https:\/\/sbsvipservices.com\/contact\/\" \/>\n<meta property=\"og:locale\" content=\"tr_TR\" \/>\n<meta property=\"og:type\" content=\"article\" \/>\n<meta property=\"og:title\" content=\"\u0130leti\u015fim\" \/>\n<meta property=\"og:description\" content=\"Ad\u0131n\u0131z Soyad\u0131n\u0131z Your email Konu Mesaj\u0131n\u0131z (OPS\u0130YONEL) \u0130leti\u015fim Bilgilerimiz Uzman Ekibimize Ula\u015f\u0131n \u0130leti\u015fim Formu arac\u0131l\u0131\u011f\u0131yla bize bir mesaj g\u00f6nderin. Sorunuz acilse l\u00fctfen a\u015fa\u011f\u0131daki ileti\u015fim bilgilerini kullanarak bize telefonla veya whatsapp \u00fczerinden ula\u015f\u0131n. Genel Sorular Telefon: (+90) 536 305 94 61 E-Posta: info@sbsvipservices.com Addres Side Mah. 608. Sk. No: 4\/1 Manavgat \/ Antalya &#8211; T\u00dcRK\u0130YE \u00c7al\u0131\u015fma [&hellip;]\" \/>\n<meta property=\"og:url\" content=\"https:\/\/sbsvipservices.com\/contact\/\" \/>\n<meta property=\"og:site_name\" content=\"SBS VIP Services\" \/>\n<meta property=\"article:modified_time\" content=\"2025-04-10T16:30:19+00:00\" \/>\n<meta property=\"og:image\" content=\"https:\/\/sbsvipservices.com\/wp-content\/uploads\/2024\/03\/dental-implants-side.jpg\" \/>\n\t<meta property=\"og:image:width\" content=\"1140\" \/>\n\t<meta property=\"og:image:height\" content=\"760\" \/>\n\t<meta property=\"og:image:type\" content=\"image\/jpeg\" \/>\n<meta name=\"twitter:card\" content=\"summary_large_image\" \/>\n<meta name=\"twitter:label1\" content=\"Tahmini okuma s\u00fcresi\" \/>\n\t<meta name=\"twitter:data1\" content=\"1 dakika\" \/>\n<script type=\"application\/ld+json\" class=\"yoast-schema-graph\">{\"@context\":\"https:\/\/schema.org\",\"@graph\":[{\"@type\":\"WebPage\",\"@id\":\"https:\/\/sbsvipservices.com\/contact\/\",\"url\":\"https:\/\/sbsvipservices.com\/contact\/\",\"name\":\"\u0130leti\u015fim - SBS VIP Services\",\"isPartOf\":{\"@id\":\"https:\/\/sbsvipservices.com\/#website\"},\"datePublished\":\"2021-10-05T12:12:07+00:00\",\"dateModified\":\"2025-04-10T16:30:19+00:00\",\"breadcrumb\":{\"@id\":\"https:\/\/sbsvipservices.com\/contact\/#breadcrumb\"},\"inLanguage\":\"tr\",\"potentialAction\":[{\"@type\":\"ReadAction\",\"target\":[\"https:\/\/sbsvipservices.com\/contact\/\"]}]},{\"@type\":\"BreadcrumbList\",\"@id\":\"https:\/\/sbsvipservices.com\/contact\/#breadcrumb\",\"itemListElement\":[{\"@type\":\"ListItem\",\"position\":1,\"name\":\"Home\",\"item\":\"https:\/\/sbsvipservices.com\/tr\/\"},{\"@type\":\"ListItem\",\"position\":2,\"name\":\"\u0130leti\u015fim\"}]},{\"@type\":\"WebSite\",\"@id\":\"https:\/\/sbsvipservices.com\/#website\",\"url\":\"https:\/\/sbsvipservices.com\/\",\"name\":\"SBS VIP Services\",\"description\":\"\",\"publisher\":{\"@id\":\"https:\/\/sbsvipservices.com\/#organization\"},\"potentialAction\":[{\"@type\":\"SearchAction\",\"target\":{\"@type\":\"EntryPoint\",\"urlTemplate\":\"https:\/\/sbsvipservices.com\/?s={search_term_string}\"},\"query-input\":{\"@type\":\"PropertyValueSpecification\",\"valueRequired\":true,\"valueName\":\"search_term_string\"}}],\"inLanguage\":\"tr\"},{\"@type\":\"Organization\",\"@id\":\"https:\/\/sbsvipservices.com\/#organization\",\"name\":\"SBS VIP Services\",\"url\":\"https:\/\/sbsvipservices.com\/\",\"logo\":{\"@type\":\"ImageObject\",\"inLanguage\":\"tr\",\"@id\":\"https:\/\/sbsvipservices.com\/#\/schema\/logo\/image\/\",\"url\":\"https:\/\/sbsvipservices.com\/wp-content\/uploads\/2024\/02\/site-icon.png\",\"contentUrl\":\"https:\/\/sbsvipservices.com\/wp-content\/uploads\/2024\/02\/site-icon.png\",\"width\":512,\"height\":512,\"caption\":\"SBS VIP Services\"},\"image\":{\"@id\":\"https:\/\/sbsvipservices.com\/#\/schema\/logo\/image\/\"}}]}<\/script>\n<!-- \/ Yoast SEO Premium plugin. -->","yoast_head_json":{"title":"\u0130leti\u015fim - SBS VIP Services","robots":{"index":"index","follow":"follow","max-snippet":"max-snippet:-1","max-image-preview":"max-image-preview:large","max-video-preview":"max-video-preview:-1"},"canonical":"https:\/\/sbsvipservices.com\/contact\/","og_locale":"tr_TR","og_type":"article","og_title":"\u0130leti\u015fim","og_description":"Ad\u0131n\u0131z Soyad\u0131n\u0131z Your email Konu Mesaj\u0131n\u0131z (OPS\u0130YONEL) \u0130leti\u015fim Bilgilerimiz Uzman Ekibimize Ula\u015f\u0131n \u0130leti\u015fim Formu arac\u0131l\u0131\u011f\u0131yla bize bir mesaj g\u00f6nderin. Sorunuz acilse l\u00fctfen a\u015fa\u011f\u0131daki ileti\u015fim bilgilerini kullanarak bize telefonla veya whatsapp \u00fczerinden ula\u015f\u0131n. Genel Sorular Telefon: (+90) 536 305 94 61 E-Posta: info@sbsvipservices.com Addres Side Mah. 608. Sk. No: 4\/1 Manavgat \/ Antalya &#8211; T\u00dcRK\u0130YE \u00c7al\u0131\u015fma [&hellip;]","og_url":"https:\/\/sbsvipservices.com\/contact\/","og_site_name":"SBS VIP Services","article_modified_time":"2025-04-10T16:30:19+00:00","og_image":[{"width":1140,"height":760,"url":"https:\/\/sbsvipservices.com\/wp-content\/uploads\/2024\/03\/dental-implants-side.jpg","type":"image\/jpeg"}],"twitter_card":"summary_large_image","twitter_misc":{"Tahmini okuma s\u00fcresi":"1 dakika"},"schema":{"@context":"https:\/\/schema.org","@graph":[{"@type":"WebPage","@id":"https:\/\/sbsvipservices.com\/contact\/","url":"https:\/\/sbsvipservices.com\/contact\/","name":"\u0130leti\u015fim - SBS VIP Services","isPartOf":{"@id":"https:\/\/sbsvipservices.com\/#website"},"datePublished":"2021-10-05T12:12:07+00:00","dateModified":"2025-04-10T16:30:19+00:00","breadcrumb":{"@id":"https:\/\/sbsvipservices.com\/contact\/#breadcrumb"},"inLanguage":"tr","potentialAction":[{"@type":"ReadAction","target":["https:\/\/sbsvipservices.com\/contact\/"]}]},{"@type":"BreadcrumbList","@id":"https:\/\/sbsvipservices.com\/contact\/#breadcrumb","itemListElement":[{"@type":"ListItem","position":1,"name":"Home","item":"https:\/\/sbsvipservices.com\/tr\/"},{"@type":"ListItem","position":2,"name":"\u0130leti\u015fim"}]},{"@type":"WebSite","@id":"https:\/\/sbsvipservices.com\/#website","url":"https:\/\/sbsvipservices.com\/","name":"SBS VIP Services","description":"","publisher":{"@id":"https:\/\/sbsvipservices.com\/#organization"},"potentialAction":[{"@type":"SearchAction","target":{"@type":"EntryPoint","urlTemplate":"https:\/\/sbsvipservices.com\/?s={search_term_string}"},"query-input":{"@type":"PropertyValueSpecification","valueRequired":true,"valueName":"search_term_string"}}],"inLanguage":"tr"},{"@type":"Organization","@id":"https:\/\/sbsvipservices.com\/#organization","name":"SBS VIP Services","url":"https:\/\/sbsvipservices.com\/","logo":{"@type":"ImageObject","inLanguage":"tr","@id":"https:\/\/sbsvipservices.com\/#\/schema\/logo\/image\/","url":"https:\/\/sbsvipservices.com\/wp-content\/uploads\/2024\/02\/site-icon.png","contentUrl":"https:\/\/sbsvipservices.com\/wp-content\/uploads\/2024\/02\/site-icon.png","width":512,"height":512,"caption":"SBS VIP Services"},"image":{"@id":"https:\/\/sbsvipservices.com\/#\/schema\/logo\/image\/"}}]}},"_links":{"self":[{"href":"https:\/\/sbsvipservices.com\/tr\/wp-json\/wp\/v2\/pages\/7380","targetHints":{"allow":["GET"]}}],"collection":[{"href":"https:\/\/sbsvipservices.com\/tr\/wp-json\/wp\/v2\/pages"}],"about":[{"href":"https:\/\/sbsvipservices.com\/tr\/wp-json\/wp\/v2\/types\/page"}],"author":[{"embeddable":true,"href":"https:\/\/sbsvipservices.com\/tr\/wp-json\/wp\/v2\/users\/1"}],"replies":[{"embeddable":true,"href":"https:\/\/sbsvipservices.com\/tr\/wp-json\/wp\/v2\/comments?post=7380"}],"version-history":[{"count":41,"href":"https:\/\/sbsvipservices.com\/tr\/wp-json\/wp\/v2\/pages\/7380\/revisions"}],"predecessor-version":[{"id":8542,"href":"https:\/\/sbsvipservices.com\/tr\/wp-json\/wp\/v2\/pages\/7380\/revisions\/8542"}],"wp:attachment":[{"href":"https:\/\/sbsvipservices.com\/tr\/wp-json\/wp\/v2\/media?parent=7380"}],"curies":[{"name":"wp","href":"https:\/\/api.w.org\/{rel}","templated":true}]}}